{"id":8258,"date":"2022-12-08T22:58:24","date_gmt":"2022-12-08T22:58:24","guid":{"rendered":"https:\/\/mfernandes.pt\/inovarmaisdoispontozero\/?page_id=8258"},"modified":"2022-12-08T22:58:24","modified_gmt":"2022-12-08T22:58:24","slug":"formulario-de-adesao-a-mostra","status":"publish","type":"page","link":"https:\/\/mfernandes.pt\/inovarmaisdoispontozero\/formulario-de-adesao-a-mostra\/","title":{"rendered":"FORMUL\u00c1RIO DE ADES\u00c3O \u00c0 MOSTRA"},"content":{"rendered":"<section class=\"l-section wpb_row height_custom\"><div class=\"l-section-h i-cf\"><div class=\"g-cols vc_row via_grid cols_1 laptops-cols_inherit tablets-cols_inherit mobiles-cols_1 valign_top type_default stacking_default\"><div class=\"wpb_column vc_column_container\"><div class=\"vc_column-inner\"><div role=\"form\" class=\"wpcf7\" id=\"wpcf7-f8254-o1\" lang=\"pt-PT\" dir=\"ltr\">\n<div class=\"screen-reader-response\"><p role=\"status\" aria-live=\"polite\" aria-atomic=\"true\"><\/p> <ul><\/ul><\/div>\n<form action=\"\/inovarmaisdoispontozero\/wp-json\/wp\/v2\/pages\/8258#wpcf7-f8254-o1\" method=\"post\" class=\"wpcf7-form init\" enctype=\"multipart\/form-data\" novalidate=\"novalidate\" data-status=\"init\">\n<div style=\"display: none;\">\n<input type=\"hidden\" name=\"_wpcf7\" value=\"8254\" \/>\n<input type=\"hidden\" name=\"_wpcf7_version\" value=\"5.6.4\" \/>\n<input type=\"hidden\" name=\"_wpcf7_locale\" value=\"pt_PT\" \/>\n<input type=\"hidden\" name=\"_wpcf7_unit_tag\" value=\"wpcf7-f8254-o1\" \/>\n<input type=\"hidden\" name=\"_wpcf7_container_post\" value=\"0\" \/>\n<input type=\"hidden\" name=\"_wpcf7_posted_data_hash\" value=\"\" \/>\n<input type=\"hidden\" name=\"_wpcf7cf_hidden_group_fields\" value=\"[]\" \/>\n<input type=\"hidden\" name=\"_wpcf7cf_hidden_groups\" value=\"[]\" \/>\n<input type=\"hidden\" name=\"_wpcf7cf_visible_groups\" value=\"[]\" \/>\n<input type=\"hidden\" name=\"_wpcf7cf_repeaters\" value=\"[]\" \/>\n<input type=\"hidden\" name=\"_wpcf7cf_steps\" value=\"{}\" \/>\n<input type=\"hidden\" name=\"_wpcf7cf_options\" value=\"{&quot;form_id&quot;:8254,&quot;conditions&quot;:[{&quot;then_field&quot;:&quot;atividade2&quot;,&quot;and_rules&quot;:[{&quot;if_field&quot;:&quot;escolhe2atividade&quot;,&quot;operator&quot;:&quot;equals&quot;,&quot;if_value&quot;:&quot;Adicionar 2\\u00aa&quot;}]},{&quot;then_field&quot;:&quot;atividade3&quot;,&quot;and_rules&quot;:[{&quot;if_field&quot;:&quot;escolhe3atividade&quot;,&quot;operator&quot;:&quot;equals&quot;,&quot;if_value&quot;:&quot;Adicionar 3\\u00aa&quot;}]}],&quot;settings&quot;:{&quot;animation&quot;:&quot;yes&quot;,&quot;animation_intime&quot;:200,&quot;animation_outtime&quot;:200,&quot;conditions_ui&quot;:&quot;normal&quot;,&quot;notice_dismissed&quot;:false}}\" \/>\n<\/div>\n<h4>DADOS DA EMPRESA<\/h4>\n<table width=100%>\n<tr>\n<td><span class=\"wpcf7-form-control-wrap\" data-name=\"empresa\"><input type=\"text\" name=\"empresa\" value=\"\" size=\"40\" class=\"wpcf7-form-control wpcf7-text wpcf7-validates-as-required\" aria-required=\"true\" aria-invalid=\"false\" placeholder=\"Nome da Empresa ou Entidade\" \/><\/span><\/td>\n<td><span class=\"wpcf7-form-control-wrap\" data-name=\"nut\"><select name=\"nut\" class=\"wpcf7-form-control wpcf7-select wpcf7-validates-as-required\" aria-required=\"true\" aria-invalid=\"false\"><option value=\"\">- - - SELECIONE A NUT - - -<\/option><option value=\"Alto Alentejo\">Alto Alentejo<\/option><option value=\"Alentejo Central\">Alentejo Central<\/option><option value=\"Baixo Alentejo\">Baixo Alentejo<\/option><option value=\"Lez\u00edria do Tejo\">Lez\u00edria do Tejo<\/option><option value=\"Alentejo Litoral (Odemira)\">Alentejo Litoral (Odemira)<\/option><\/select><\/span><\/td>\n<td><span class=\"wpcf7-form-control-wrap\" data-name=\"email-responsavel\"><input type=\"email\" name=\"email-responsavel\" value=\"\" size=\"40\" class=\"wpcf7-form-control wpcf7-text wpcf7-email wpcf7-validates-as-required wpcf7-validates-as-email\" aria-required=\"true\" aria-invalid=\"false\" placeholder=\"Email\" \/><\/span><\/td>\n<\/tr>\n<p><\/TABLE><\/p>\n<h4>DADOS DAS BOAS PR\u00c1TICAS DE INOVA\u00c7\u00c3O<\/h4>\n<h6>BOAS PR\u00c1TICAS 1<\/h6>\n<table width=100%>\n<tr><span class=\"wpcf7-form-control-wrap\" data-name=\"tipinov1\"><select name=\"tipinov1\" class=\"wpcf7-form-control wpcf7-select wpcf7-validates-as-required\" aria-required=\"true\" aria-invalid=\"false\"><option value=\"\">SELECIONE A TIPOLOGIA DE INOVA\u00c7\u00c3O<\/option><option value=\"Desenvolvimento e engenharia de produtos, servi\u00e7os e processos\">Desenvolvimento e engenharia de produtos, servi\u00e7os e processos<\/option><option value=\"Distribui\u00e7\u00e3o e log\u00edstica\">Distribui\u00e7\u00e3o e log\u00edstica<\/option><option value=\"Eco-inova\u00e7\u00e3o\">Eco-inova\u00e7\u00e3o<\/option><option value=\"Ecoconstru\u00e7\u00e3o\">Ecoconstru\u00e7\u00e3o<\/option><option value=\"Ecodesign\">Ecodesign<\/option><option value=\"Economia circular\">Economia circular<\/option><option value=\"Economia digital e tecnologias de informa\u00e7\u00e3o e comunica\u00e7\u00e3o\">Economia digital e tecnologias de informa\u00e7\u00e3o e comunica\u00e7\u00e3o<\/option><option value=\"Ind\u00fastria 4.0\">Ind\u00fastria 4.0<\/option><option value=\"Inova\u00e7\u00e3o organizacional, de gest\u00e3o e de marketing\">Inova\u00e7\u00e3o organizacional, de gest\u00e3o e de marketing<\/option><option value=\"Prote\u00e7\u00e3o de propriedade industrial\">Prote\u00e7\u00e3o de propriedade industrial<\/option><option value=\"Qualidade\">Qualidade<\/option><option value=\"Transfer\u00eancia de conhecimento\">Transfer\u00eancia de conhecimento<\/option><\/select><\/span><\/tr>\n<tr><span class=\"wpcf7-form-control-wrap\" data-name=\"designacao\"><input type=\"text\" name=\"designacao\" value=\"\" size=\"40\" class=\"wpcf7-form-control wpcf7-text wpcf7-validates-as-required\" aria-required=\"true\" aria-invalid=\"false\" placeholder=\"Designa\u00e7\u00e3o\" \/><\/span><\/tr>\n<tr><span class=\"wpcf7-form-control-wrap\" data-name=\"bdescricao\"><textarea name=\"bdescricao\" cols=\"40\" rows=\"5\" class=\"wpcf7-form-control wpcf7-textarea wpcf7-validates-as-required\" aria-required=\"true\" aria-invalid=\"false\" placeholder=\"Breve descri\u00e7\u00e3o at\u00e9 100 palavras\"><\/textarea><\/span><\/tr>\n<tr>IMAGEM ASSOCIADA: <span class=\"wpcf7-form-control-wrap\" data-name=\"imagem\"><input type=\"file\" name=\"imagem\" size=\"40\" class=\"wpcf7-form-control wpcf7-file\" accept=\".jpg,.png\" aria-invalid=\"false\" \/><\/span><small class=\"form-text text-muted\">S\u00e3o aceites ficheiros <strong>.jpg<\/strong> e <strong>.png<\/strong> com um tamanho at\u00e9 <strong>3mb<\/strong>. Se desejar enviar v\u00e1rias imagens, por favor envie um s\u00f3 ficheiro .zip.<\/small><\/tr>\n<tr>\n<p align=center><span class=\"wpcf7-form-control-wrap\" data-name=\"escolhe2atividade\"><span class=\"wpcf7-form-control wpcf7-checkbox\"><span class=\"wpcf7-list-item first last\"><span class=\"wpcf7-list-item-label\">Adicionar 2\u00aa<\/span><input type=\"checkbox\" name=\"escolhe2atividade[]\" value=\"Adicionar 2\u00aa\" \/><\/span><\/span><\/span><\/p>\n<\/tr>\n<\/table>\n<div data-id=\"atividade2\" data-orig_data_id=\"atividade2\"  data-class=\"wpcf7cf_group\">\n<h6>BOAS PR\u00c1TICAS 2<\/h6>\n<table width=100%>\n<tr><span class=\"wpcf7-form-control-wrap\" data-name=\"tipinov2\"><select name=\"tipinov2\" class=\"wpcf7-form-control wpcf7-select wpcf7-validates-as-required\" aria-required=\"true\" aria-invalid=\"false\"><option value=\"\">SELECIONE A TIPOLOGIA DE INOVA\u00c7\u00c3O<\/option><option value=\"Desenvolvimento e engenharia de produtos, servi\u00e7os e processos\">Desenvolvimento e engenharia de produtos, servi\u00e7os e processos<\/option><option value=\"Distribui\u00e7\u00e3o e log\u00edstica\">Distribui\u00e7\u00e3o e log\u00edstica<\/option><option value=\"Eco-inova\u00e7\u00e3o\">Eco-inova\u00e7\u00e3o<\/option><option value=\"Ecoconstru\u00e7\u00e3o\">Ecoconstru\u00e7\u00e3o<\/option><option value=\"Ecodesign\">Ecodesign<\/option><option value=\"Economia circular\">Economia circular<\/option><option value=\"Economia digital e tecnologias de informa\u00e7\u00e3o e comunica\u00e7\u00e3o\">Economia digital e tecnologias de informa\u00e7\u00e3o e comunica\u00e7\u00e3o<\/option><option value=\"Ind\u00fastria 4.0\">Ind\u00fastria 4.0<\/option><option value=\"Inova\u00e7\u00e3o organizacional, de gest\u00e3o e de marketing\">Inova\u00e7\u00e3o organizacional, de gest\u00e3o e de marketing<\/option><option value=\"Prote\u00e7\u00e3o de propriedade industrial\">Prote\u00e7\u00e3o de propriedade industrial<\/option><option value=\"Qualidade\">Qualidade<\/option><option value=\"Transfer\u00eancia de conhecimento\">Transfer\u00eancia de conhecimento<\/option><\/select><\/span><\/tr>\n<tr><span class=\"wpcf7-form-control-wrap\" data-name=\"designacao2\"><input type=\"text\" name=\"designacao2\" value=\"\" size=\"40\" class=\"wpcf7-form-control wpcf7-text wpcf7-validates-as-required\" aria-required=\"true\" aria-invalid=\"false\" placeholder=\"Designa\u00e7\u00e3o\" \/><\/span><\/tr>\n<tr><span class=\"wpcf7-form-control-wrap\" data-name=\"bdescricao2\"><textarea name=\"bdescricao2\" cols=\"40\" rows=\"5\" class=\"wpcf7-form-control wpcf7-textarea wpcf7-validates-as-required\" aria-required=\"true\" aria-invalid=\"false\" placeholder=\"Breve descri\u00e7\u00e3o at\u00e9 100 palavras\"><\/textarea><\/span><\/tr>\n<tr>IMAGEM ASSOCIADA: <span class=\"wpcf7-form-control-wrap\" data-name=\"imagem2\"><input type=\"file\" name=\"imagem2\" size=\"40\" class=\"wpcf7-form-control wpcf7-file\" accept=\".jpg,.png\" aria-invalid=\"false\" \/><\/span><small class=\"form-text text-muted\">S\u00e3o aceites ficheiros <strong>.jpg<\/strong> e <strong>.png<\/strong> com um tamanho at\u00e9 <strong>3mb<\/strong>. Se desejar enviar v\u00e1rias imagens, por favor envie um s\u00f3 ficheiro .zip.<\/small><\/tr>\n<tr>\n<p align=center><span class=\"wpcf7-form-control-wrap\" data-name=\"escolhe3atividade\"><span class=\"wpcf7-form-control wpcf7-checkbox\"><span class=\"wpcf7-list-item first last\"><span class=\"wpcf7-list-item-label\">Adicionar 3\u00aa<\/span><input type=\"checkbox\" name=\"escolhe3atividade[]\" value=\"Adicionar 3\u00aa\" \/><\/span><\/span><\/span><\/p>\n<\/tr>\n<\/table>\n<\/div>\n<div data-id=\"atividade3\" data-orig_data_id=\"atividade3\"  data-class=\"wpcf7cf_group\">\n<h6>BOAS PR\u00c1TICAS 3<\/h6>\n<table width=100%>\n<tr><span class=\"wpcf7-form-control-wrap\" data-name=\"tipinov3\"><select name=\"tipinov3\" class=\"wpcf7-form-control wpcf7-select wpcf7-validates-as-required\" aria-required=\"true\" aria-invalid=\"false\"><option value=\"\">SELECIONE A TIPOLOGIA DE INOVA\u00c7\u00c3O<\/option><option value=\"Desenvolvimento e engenharia de produtos, servi\u00e7os e processos\">Desenvolvimento e engenharia de produtos, servi\u00e7os e processos<\/option><option value=\"Distribui\u00e7\u00e3o e log\u00edstica\">Distribui\u00e7\u00e3o e log\u00edstica<\/option><option value=\"Eco-inova\u00e7\u00e3o\">Eco-inova\u00e7\u00e3o<\/option><option value=\"Ecoconstru\u00e7\u00e3o\">Ecoconstru\u00e7\u00e3o<\/option><option value=\"Ecodesign\">Ecodesign<\/option><option value=\"Economia circular\">Economia circular<\/option><option value=\"Economia digital e tecnologias de informa\u00e7\u00e3o e comunica\u00e7\u00e3o\">Economia digital e tecnologias de informa\u00e7\u00e3o e comunica\u00e7\u00e3o<\/option><option value=\"Ind\u00fastria 4.0\">Ind\u00fastria 4.0<\/option><option value=\"Inova\u00e7\u00e3o organizacional, de gest\u00e3o e de marketing\">Inova\u00e7\u00e3o organizacional, de gest\u00e3o e de marketing<\/option><option value=\"Prote\u00e7\u00e3o de propriedade industrial\">Prote\u00e7\u00e3o de propriedade industrial<\/option><option value=\"Qualidade\">Qualidade<\/option><option value=\"Transfer\u00eancia de conhecimento\">Transfer\u00eancia de conhecimento<\/option><\/select><\/span><\/tr>\n<tr><span class=\"wpcf7-form-control-wrap\" data-name=\"designacao3\"><input type=\"text\" name=\"designacao3\" value=\"\" size=\"40\" class=\"wpcf7-form-control wpcf7-text wpcf7-validates-as-required\" aria-required=\"true\" aria-invalid=\"false\" placeholder=\"Designa\u00e7\u00e3o\" \/><\/span><\/tr>\n<tr><span class=\"wpcf7-form-control-wrap\" data-name=\"bdescricao3\"><textarea name=\"bdescricao3\" cols=\"40\" rows=\"5\" class=\"wpcf7-form-control wpcf7-textarea wpcf7-validates-as-required\" aria-required=\"true\" aria-invalid=\"false\" placeholder=\"Breve descri\u00e7\u00e3o at\u00e9 100 palavras\"><\/textarea><\/span><\/tr>\n<tr>IMAGEM ASSOCIADA: <span class=\"wpcf7-form-control-wrap\" data-name=\"imagem3\"><input type=\"file\" name=\"imagem3\" size=\"40\" class=\"wpcf7-form-control wpcf7-file\" accept=\".jpg,.png\" aria-invalid=\"false\" \/><\/span><small class=\"form-text text-muted\">S\u00e3o aceites ficheiros <strong>.jpg<\/strong> e <strong>.png<\/strong> com um tamanho at\u00e9 <strong>3mb<\/strong>. Se desejar enviar v\u00e1rias imagens, por favor envie um s\u00f3 ficheiro .zip.<\/small><\/tr>\n<\/table>\n<\/div>\n<p align=center>Nota: Dependendo do tamanho das imagens, o formul\u00e1rio poder\u00e1 demorar algum tempo a ser submetido.<\/p>\n<p align=center><input type=\"submit\" value=\"SUBMETER FORMUL\u00c1RIO DE ADES\u00c3O\" class=\"wpcf7-form-control has-spinner wpcf7-submit\" \/><\/p>\n<div class=\"wpcf7-response-output\" aria-hidden=\"true\"><\/div><\/form><\/div><\/div><\/div><\/div><\/div><\/section>\n","protected":false},"excerpt":{"rendered":"DADOS DA EMPRESA - - - SELECIONE A NUT - - -Alto AlentejoAlentejo CentralBaixo AlentejoLez\u00edria do TejoAlentejo Litoral (Odemira) DADOS DAS BOAS PR\u00c1TICAS DE INOVA\u00c7\u00c3O BOAS PR\u00c1TICAS 1 SELECIONE A TIPOLOGIA DE INOVA\u00c7\u00c3ODesenvolvimento e engenharia de produtos, servi\u00e7os e processosDistribui\u00e7\u00e3o e log\u00edsticaEco-inova\u00e7\u00e3oEcoconstru\u00e7\u00e3oEcodesignEconomia circularEconomia digital e tecnologias de informa\u00e7\u00e3o e comunica\u00e7\u00e3oInd\u00fastria 4.0Inova\u00e7\u00e3o organizacional, de gest\u00e3o e...","protected":false},"author":1,"featured_media":0,"parent":0,"menu_order":0,"comment_status":"closed","ping_status":"closed","template":"","meta":{"footnotes":""},"class_list":["post-8258","page","type-page","status-publish","hentry"],"_links":{"self":[{"href":"https:\/\/mfernandes.pt\/inovarmaisdoispontozero\/wp-json\/wp\/v2\/pages\/8258","targetHints":{"allow":["GET"]}}],"collection":[{"href":"https:\/\/mfernandes.pt\/inovarmaisdoispontozero\/wp-json\/wp\/v2\/pages"}],"about":[{"href":"https:\/\/mfernandes.pt\/inovarmaisdoispontozero\/wp-json\/wp\/v2\/types\/page"}],"author":[{"embeddable":true,"href":"https:\/\/mfernandes.pt\/inovarmaisdoispontozero\/wp-json\/wp\/v2\/users\/1"}],"replies":[{"embeddable":true,"href":"https:\/\/mfernandes.pt\/inovarmaisdoispontozero\/wp-json\/wp\/v2\/comments?post=8258"}],"version-history":[{"count":1,"href":"https:\/\/mfernandes.pt\/inovarmaisdoispontozero\/wp-json\/wp\/v2\/pages\/8258\/revisions"}],"predecessor-version":[{"id":8259,"href":"https:\/\/mfernandes.pt\/inovarmaisdoispontozero\/wp-json\/wp\/v2\/pages\/8258\/revisions\/8259"}],"wp:attachment":[{"href":"https:\/\/mfernandes.pt\/inovarmaisdoispontozero\/wp-json\/wp\/v2\/media?parent=8258"}],"curies":[{"name":"wp","href":"https:\/\/api.w.org\/{rel}","templated":true}]}}