{"id":8256,"date":"2022-12-08T22:54:21","date_gmt":"2022-12-08T22:54:21","guid":{"rendered":"https:\/\/mfernandes.pt\/inovarmaisdoispontozero\/?page_id=8256"},"modified":"2022-12-08T22:54:21","modified_gmt":"2022-12-08T22:54:21","slug":"formulario-de-adesao-ao-projeto","status":"publish","type":"page","link":"https:\/\/mfernandes.pt\/inovarmaisdoispontozero\/formulario-de-adesao-ao-projeto\/","title":{"rendered":"FORMUL\u00c1RIO DE ADES\u00c3O AO PROJETO"},"content":{"rendered":"<section class=\"l-section wpb_row height_custom\"><div class=\"l-section-h i-cf\"><div class=\"g-cols vc_row via_grid cols_1 laptops-cols_inherit tablets-cols_inherit mobiles-cols_1 valign_top type_default stacking_default\"><div class=\"wpb_column vc_column_container\"><div class=\"vc_column-inner\"><div role=\"form\" class=\"wpcf7\" id=\"wpcf7-f8253-o1\" lang=\"pt-PT\" dir=\"ltr\">\n<div class=\"screen-reader-response\"><p role=\"status\" aria-live=\"polite\" aria-atomic=\"true\"><\/p> <ul><\/ul><\/div>\n<form action=\"\/inovarmaisdoispontozero\/wp-json\/wp\/v2\/pages\/8256#wpcf7-f8253-o1\" method=\"post\" class=\"wpcf7-form init\" enctype=\"multipart\/form-data\" novalidate=\"novalidate\" data-status=\"init\">\n<div style=\"display: none;\">\n<input type=\"hidden\" name=\"_wpcf7\" value=\"8253\" \/>\n<input type=\"hidden\" name=\"_wpcf7_version\" value=\"5.6.4\" \/>\n<input type=\"hidden\" name=\"_wpcf7_locale\" value=\"pt_PT\" \/>\n<input type=\"hidden\" name=\"_wpcf7_unit_tag\" value=\"wpcf7-f8253-o1\" \/>\n<input type=\"hidden\" name=\"_wpcf7_container_post\" value=\"0\" \/>\n<input type=\"hidden\" name=\"_wpcf7_posted_data_hash\" value=\"\" \/>\n<input type=\"hidden\" name=\"_wpcf7cf_hidden_group_fields\" value=\"[]\" \/>\n<input type=\"hidden\" name=\"_wpcf7cf_hidden_groups\" value=\"[]\" \/>\n<input type=\"hidden\" name=\"_wpcf7cf_visible_groups\" value=\"[]\" \/>\n<input type=\"hidden\" name=\"_wpcf7cf_repeaters\" value=\"[]\" \/>\n<input type=\"hidden\" name=\"_wpcf7cf_steps\" value=\"{}\" \/>\n<input type=\"hidden\" name=\"_wpcf7cf_options\" value=\"{&quot;form_id&quot;:8253,&quot;conditions&quot;:[],&quot;settings&quot;:{&quot;animation&quot;:&quot;yes&quot;,&quot;animation_intime&quot;:200,&quot;animation_outtime&quot;:200,&quot;conditions_ui&quot;:&quot;normal&quot;,&quot;notice_dismissed&quot;:false}}\" \/>\n<\/div>\n<h4>DADOS DA EMPRESA<\/h4>\n<table width=100%>\n<tr>\n<td><span class=\"wpcf7-form-control-wrap\" data-name=\"empresa\"><input type=\"text\" name=\"empresa\" value=\"\" size=\"40\" class=\"wpcf7-form-control wpcf7-text wpcf7-validates-as-required\" aria-required=\"true\" aria-invalid=\"false\" placeholder=\"Nome da Empresa\" \/><\/span><\/td>\n<td><span class=\"wpcf7-form-control-wrap\" data-name=\"email-responsavel\"><input type=\"email\" name=\"email-responsavel\" value=\"\" size=\"40\" class=\"wpcf7-form-control wpcf7-text wpcf7-email wpcf7-validates-as-required wpcf7-validates-as-email\" aria-required=\"true\" aria-invalid=\"false\" placeholder=\"Email\" \/><\/span><\/td>\n<td><span class=\"wpcf7-form-control-wrap\" data-name=\"website\"><input type=\"text\" name=\"website\" value=\"\" size=\"40\" class=\"wpcf7-form-control wpcf7-text\" aria-invalid=\"false\" placeholder=\"Site (opcional)\" \/><\/span><\/td>\n<\/tr>\n<tr>\n<td><span class=\"wpcf7-form-control-wrap\" data-name=\"morada\"><input type=\"text\" name=\"morada\" value=\"\" size=\"40\" class=\"wpcf7-form-control wpcf7-text wpcf7-validates-as-required\" aria-required=\"true\" aria-invalid=\"false\" placeholder=\"Morada + Cod. Postal + Localidade\" \/><\/span><\/td>\n<td><span class=\"wpcf7-form-control-wrap\" data-name=\"nut\"><select name=\"nut\" class=\"wpcf7-form-control wpcf7-select wpcf7-validates-as-required\" aria-required=\"true\" aria-invalid=\"false\"><option value=\"\">- - - SELECIONE A NUT - - -<\/option><option value=\"Alto Alentejo\">Alto Alentejo<\/option><option value=\"Alentejo Central\">Alentejo Central<\/option><option value=\"Baixo Alentejo\">Baixo Alentejo<\/option><option value=\"Lez\u00edria do Tejo\">Lez\u00edria do Tejo<\/option><option value=\"Alentejo Litoral (Odemira)\">Alentejo Litoral (Odemira)<\/option><\/select><\/span><\/td>\n<td><span class=\"wpcf7-form-control-wrap\" data-name=\"telefone-empresa\"><input type=\"tel\" name=\"telefone-empresa\" value=\"\" size=\"40\" class=\"wpcf7-form-control wpcf7-text wpcf7-tel wpcf7-validates-as-required wpcf7-validates-as-tel\" aria-required=\"true\" aria-invalid=\"false\" placeholder=\"Telefone\" \/><\/span><\/td>\n<\/tr>\n<tr>\n<td>LOGOTIPO: <span class=\"wpcf7-form-control-wrap\" data-name=\"logotipo\"><input type=\"file\" name=\"logotipo\" size=\"40\" class=\"wpcf7-form-control wpcf7-file wpcf7-validates-as-required\" accept=\".jpg,.png\" aria-required=\"true\" aria-invalid=\"false\" \/><\/span><small class=\"form-text text-muted\">S\u00e3o aceites ficheiros <strong>.jpg<\/strong> e <strong>.png<\/strong> com um tamanho at\u00e9 <strong>1mb<\/strong>.<\/small><\/td>\n<\/tr>\n<\/table>\n<h5>DOM\u00cdNIOS RIS3<\/h5>\n<table width=100%>\n<tr>\n<td width=50%><span class=\"wpcf7-form-control-wrap\" data-name=\"ris3\"><select name=\"ris3[]\" class=\"wpcf7-form-control wpcf7-select wpcf7-validates-as-required\" aria-required=\"true\" aria-invalid=\"false\" multiple=\"multiple\"><option value=\"Bioeconomia Sustent\u00e1vel\">Bioeconomia Sustent\u00e1vel<\/option><option value=\"Ecossistemas Culturais e Criativos\">Ecossistemas Culturais e Criativos<\/option><option value=\"Energia Sustent\u00e1vel\">Energia Sustent\u00e1vel<\/option><option value=\"Inova\u00e7\u00e3o Social e Cidadania\">Inova\u00e7\u00e3o Social e Cidadania<\/option><option value=\"Mobilidade e Log\u00edstica\">Mobilidade e Log\u00edstica<\/option><option value=\"Servi\u00e7os de Turismo e Hospitalidade\">Servi\u00e7os de Turismo e Hospitalidade<\/option><\/select><\/span><small class=\"form-text text-muted\">Utilize a tecla Ctrl para selecionar mais do que um setor.<\/small><\/td>\n<td><span class=\"wpcf7-form-control-wrap\" data-name=\"descricao\"><textarea name=\"descricao\" cols=\"40\" rows=\"4\" class=\"wpcf7-form-control wpcf7-textarea wpcf7-validates-as-required\" aria-required=\"true\" aria-invalid=\"false\" placeholder=\"Breve descri\u00e7\u00e3o da Empresa\"><\/textarea><\/span><\/td>\n<\/tr>\n<\/table>\n<p align=center><input type=\"submit\" value=\"SUBMETER FORMUL\u00c1RIO DE ADES\u00c3O\" class=\"wpcf7-form-control has-spinner wpcf7-submit\" \/><\/p>\n<div class=\"wpcf7-response-output\" aria-hidden=\"true\"><\/div><\/form><\/div><\/div><\/div><\/div><\/div><\/section>\n","protected":false},"excerpt":{"rendered":"DADOS DA EMPRESA - - - SELECIONE A NUT - - -Alto AlentejoAlentejo CentralBaixo AlentejoLez\u00edria do TejoAlentejo Litoral (Odemira) LOGOTIPO: S\u00e3o aceites ficheiros .jpg e .png com um tamanho at\u00e9 1mb. DOM\u00cdNIOS RIS3 Bioeconomia Sustent\u00e1velEcossistemas Culturais e CriativosEnergia Sustent\u00e1velInova\u00e7\u00e3o Social e CidadaniaMobilidade e Log\u00edsticaServi\u00e7os de Turismo e HospitalidadeUtilize a tecla Ctrl para selecionar mais do...","protected":false},"author":1,"featured_media":0,"parent":0,"menu_order":0,"comment_status":"closed","ping_status":"closed","template":"","meta":{"footnotes":""},"class_list":["post-8256","page","type-page","status-publish","hentry"],"_links":{"self":[{"href":"https:\/\/mfernandes.pt\/inovarmaisdoispontozero\/wp-json\/wp\/v2\/pages\/8256","targetHints":{"allow":["GET"]}}],"collection":[{"href":"https:\/\/mfernandes.pt\/inovarmaisdoispontozero\/wp-json\/wp\/v2\/pages"}],"about":[{"href":"https:\/\/mfernandes.pt\/inovarmaisdoispontozero\/wp-json\/wp\/v2\/types\/page"}],"author":[{"embeddable":true,"href":"https:\/\/mfernandes.pt\/inovarmaisdoispontozero\/wp-json\/wp\/v2\/users\/1"}],"replies":[{"embeddable":true,"href":"https:\/\/mfernandes.pt\/inovarmaisdoispontozero\/wp-json\/wp\/v2\/comments?post=8256"}],"version-history":[{"count":1,"href":"https:\/\/mfernandes.pt\/inovarmaisdoispontozero\/wp-json\/wp\/v2\/pages\/8256\/revisions"}],"predecessor-version":[{"id":8257,"href":"https:\/\/mfernandes.pt\/inovarmaisdoispontozero\/wp-json\/wp\/v2\/pages\/8256\/revisions\/8257"}],"wp:attachment":[{"href":"https:\/\/mfernandes.pt\/inovarmaisdoispontozero\/wp-json\/wp\/v2\/media?parent=8256"}],"curies":[{"name":"wp","href":"https:\/\/api.w.org\/{rel}","templated":true}]}}