{"id":7899,"date":"2022-09-22T13:37:40","date_gmt":"2022-09-22T13:37:40","guid":{"rendered":"https:\/\/mfernandes.pt\/inovarmaisdoispontozero\/?page_id=7899"},"modified":"2022-12-06T23:09:48","modified_gmt":"2022-12-06T23:09:48","slug":"concurso","status":"publish","type":"page","link":"https:\/\/mfernandes.pt\/inovarmaisdoispontozero\/concurso\/","title":{"rendered":"CONCURSO"},"content":{"rendered":"<section class=\"l-section wpb_row height_custom\"><div class=\"l-section-h i-cf\"><div class=\"g-cols vc_row via_grid cols_1 laptops-cols_inherit tablets-cols_inherit mobiles-cols_1 valign_top type_default stacking_default\"><div class=\"wpb_column vc_column_container\"><div class=\"vc_column-inner\"><div class=\"wpb_text_column\"><div class=\"wpb_wrapper\"><p><strong>O <\/strong><strong>Concurso de Iniciativas Inovadores INOVAR+ 2.0<\/strong> visa premiar os melhores projetos inovadores desenvolvidos por PME da regi\u00e3o, promovendo pr\u00e1ticas de coopera\u00e7\u00e3o e coopeti\u00e7\u00e3o entre as PME da regi\u00e3o nos diferentes dom\u00ednios da RIS3.<\/p>\n<p>Ser\u00e3o atribu\u00eddos 20.000\u20ac (vinte mil euros) em pr\u00e9mios monet\u00e1rios:<\/p>\n<ul>\n<li>5.000\u20ac (cinco mil euros) para o vencedor da regi\u00e3o do Alto Alentejo<\/li>\n<li>5.000\u20ac (cinco mil euros) para o vencedor da regi\u00e3o do Alentejo Central<\/li>\n<li>5.000\u20ac (cinco mil euros) para o vencedor da regi\u00e3o do Baixo Alentejo<\/li>\n<li>5.000\u20ac (cinco mil euros) para o vencedor da regi\u00e3o da Lez\u00edria do Tejo<\/li>\n<\/ul>\n<p>Prazo de candidatura: at\u00e9 dia 9 de janeiro de 2023.<\/p>\n<p>Consulte o regulamento do concurso em: <a href=\"https:\/\/mfernandes.pt\/inovarmaisdoispontozero\/wp-content\/uploads\/2022\/12\/CONCURSO-alentejo-4INOVA-regulamento-oficial-v4-de-02122022.pdf\" target=\"_blank\" rel=\"noopener\">PDF &#8211; Regulamento<\/a>.<\/p>\n<\/div><\/div><div class=\"w-btn-wrapper align_none\"><a class=\"w-btn us-btn-style_1 us_custom_0f8f44b7\" target=\"_blank\" href=\"https:\/\/forms.gle\/eDWYUvYZWLxs66jb7\" rel=\"noopener\"><span class=\"w-btn-label\">Formul\u00e1rio de candidatura<\/span><\/a><\/div><\/div><\/div><\/div><\/div><\/section>\n","protected":false},"excerpt":{"rendered":"O Concurso de Iniciativas Inovadores INOVAR+ 2.0 visa premiar os melhores projetos inovadores desenvolvidos por PME da regi\u00e3o, promovendo pr\u00e1ticas de coopera\u00e7\u00e3o e coopeti\u00e7\u00e3o entre as PME da regi\u00e3o nos diferentes dom\u00ednios da RIS3. Ser\u00e3o atribu\u00eddos 20.000\u20ac (vinte mil euros) em pr\u00e9mios monet\u00e1rios: 5.000\u20ac (cinco mil euros) para o vencedor da regi\u00e3o do Alto Alentejo...","protected":false},"author":1,"featured_media":0,"parent":0,"menu_order":0,"comment_status":"closed","ping_status":"closed","template":"","meta":{"footnotes":""},"class_list":["post-7899","page","type-page","status-publish","hentry"],"_links":{"self":[{"href":"https:\/\/mfernandes.pt\/inovarmaisdoispontozero\/wp-json\/wp\/v2\/pages\/7899","targetHints":{"allow":["GET"]}}],"collection":[{"href":"https:\/\/mfernandes.pt\/inovarmaisdoispontozero\/wp-json\/wp\/v2\/pages"}],"about":[{"href":"https:\/\/mfernandes.pt\/inovarmaisdoispontozero\/wp-json\/wp\/v2\/types\/page"}],"author":[{"embeddable":true,"href":"https:\/\/mfernandes.pt\/inovarmaisdoispontozero\/wp-json\/wp\/v2\/users\/1"}],"replies":[{"embeddable":true,"href":"https:\/\/mfernandes.pt\/inovarmaisdoispontozero\/wp-json\/wp\/v2\/comments?post=7899"}],"version-history":[{"count":6,"href":"https:\/\/mfernandes.pt\/inovarmaisdoispontozero\/wp-json\/wp\/v2\/pages\/7899\/revisions"}],"predecessor-version":[{"id":8143,"href":"https:\/\/mfernandes.pt\/inovarmaisdoispontozero\/wp-json\/wp\/v2\/pages\/7899\/revisions\/8143"}],"wp:attachment":[{"href":"https:\/\/mfernandes.pt\/inovarmaisdoispontozero\/wp-json\/wp\/v2\/media?parent=7899"}],"curies":[{"name":"wp","href":"https:\/\/api.w.org\/{rel}","templated":true}]}}