{"id":7897,"date":"2022-09-22T13:37:28","date_gmt":"2022-09-22T13:37:28","guid":{"rendered":"https:\/\/mfernandes.pt\/inovarmaisdoispontozero\/?page_id=7897"},"modified":"2022-09-22T15:19:58","modified_gmt":"2022-09-22T15:19:58","slug":"barometro","status":"publish","type":"page","link":"https:\/\/mfernandes.pt\/inovarmaisdoispontozero\/barometro\/","title":{"rendered":"BAR\u00d3METRO"},"content":{"rendered":"<section class=\"l-section wpb_row height_custom\"><div class=\"l-section-h i-cf\"><div class=\"g-cols vc_row via_grid cols_1 laptops-cols_inherit tablets-cols_inherit mobiles-cols_1 valign_top type_default stacking_default\"><div class=\"wpb_column vc_column_container\"><div class=\"vc_column-inner\"><h2 class=\"w-itext type_typingChars align_center dynamic_bold\" onclick='return {&quot;duration&quot;:300,&quot;delay&quot;:1000,&quot;disablePartAnimation&quot;:false,&quot;html_nbsp_char&quot;:true}'><span class=\"w-itext-part changesat_0 changesat_1 changesat_2 dynamic\" onclick='return [&quot;Brevemente\\u00a0dispon\\u00edvel&quot;,&quot;Brevemente&quot;,&quot;dispon\\u00edvel&quot;]'><span>Brevemente&nbsp;dispon&iacute;vel<\/span><i class=\"w-itext-cursor\"><\/i><\/span><\/h2><\/div><\/div><\/div><\/div><\/section><section class=\"l-section wpb_row height_custom\"><div class=\"l-section-h i-cf\"><div class=\"g-cols vc_row via_grid cols_1 laptops-cols_inherit tablets-cols_inherit mobiles-cols_1 valign_top type_default stacking_default\"><div class=\"wpb_column vc_column_container\"><div class=\"vc_column-inner\"><div class=\"wpb_text_column\"><div class=\"wpb_wrapper\"><p>O Simulador de Auto-Diagn\u00f3stico e o BAR\u00d3METRO INOVA 2.0 visa apoiar as PME regionais, no desenvolvimento do seu auto-diagn\u00f3stico de potencial de inova\u00e7\u00e3o e avalia\u00e7\u00e3o comparativa com indicadores regionais. A base de dados dos diagn\u00f3sticos empresariais gerar\u00e1 um infogr\u00e1fico automatizado com indicadores de inova\u00e7\u00e3o regionais, bem como um simulador de desempenho regional por dom\u00ednio RIS3 regional e por NUT3. Com esta ferramenta as PME aderentes poder\u00e3o comparar o seu potencial de inova\u00e7\u00e3o com os indicadores por dom\u00ednio, estimulando-as para um exerc\u00edcio de benchmarking e melhoria cont\u00ednua do seu processo.<\/p>\n<\/div><\/div><\/div><\/div><\/div><\/div><\/section>\n","protected":false},"excerpt":{"rendered":"Brevemente&nbsp;dispon&iacute;velO Simulador de Auto-Diagn\u00f3stico e o BAR\u00d3METRO INOVA 2.0 visa apoiar as PME regionais, no desenvolvimento do seu auto-diagn\u00f3stico de potencial de inova\u00e7\u00e3o e avalia\u00e7\u00e3o comparativa com indicadores regionais. A base de dados dos diagn\u00f3sticos empresariais gerar\u00e1 um infogr\u00e1fico automatizado com indicadores de inova\u00e7\u00e3o regionais, bem como um simulador de desempenho regional por dom\u00ednio RIS3...","protected":false},"author":1,"featured_media":0,"parent":0,"menu_order":0,"comment_status":"closed","ping_status":"closed","template":"","meta":{"footnotes":""},"class_list":["post-7897","page","type-page","status-publish","hentry"],"_links":{"self":[{"href":"https:\/\/mfernandes.pt\/inovarmaisdoispontozero\/wp-json\/wp\/v2\/pages\/7897","targetHints":{"allow":["GET"]}}],"collection":[{"href":"https:\/\/mfernandes.pt\/inovarmaisdoispontozero\/wp-json\/wp\/v2\/pages"}],"about":[{"href":"https:\/\/mfernandes.pt\/inovarmaisdoispontozero\/wp-json\/wp\/v2\/types\/page"}],"author":[{"embeddable":true,"href":"https:\/\/mfernandes.pt\/inovarmaisdoispontozero\/wp-json\/wp\/v2\/users\/1"}],"replies":[{"embeddable":true,"href":"https:\/\/mfernandes.pt\/inovarmaisdoispontozero\/wp-json\/wp\/v2\/comments?post=7897"}],"version-history":[{"count":4,"href":"https:\/\/mfernandes.pt\/inovarmaisdoispontozero\/wp-json\/wp\/v2\/pages\/7897\/revisions"}],"predecessor-version":[{"id":7981,"href":"https:\/\/mfernandes.pt\/inovarmaisdoispontozero\/wp-json\/wp\/v2\/pages\/7897\/revisions\/7981"}],"wp:attachment":[{"href":"https:\/\/mfernandes.pt\/inovarmaisdoispontozero\/wp-json\/wp\/v2\/media?parent=7897"}],"curies":[{"name":"wp","href":"https:\/\/api.w.org\/{rel}","templated":true}]}}