{"id":7893,"date":"2022-09-22T13:37:06","date_gmt":"2022-09-22T13:37:06","guid":{"rendered":"https:\/\/mfernandes.pt\/inovarmaisdoispontozero\/?page_id=7893"},"modified":"2022-12-09T14:36:23","modified_gmt":"2022-12-09T14:36:23","slug":"projeto","status":"publish","type":"page","link":"https:\/\/mfernandes.pt\/inovarmaisdoispontozero\/projeto\/","title":{"rendered":"PROJETO"},"content":{"rendered":"<section class=\"l-section wpb_row height_custom\"><div class=\"l-section-h i-cf\"><div class=\"g-cols vc_row via_grid cols_1 laptops-cols_inherit tablets-cols_inherit mobiles-cols_1 valign_top type_default stacking_default\"><div class=\"wpb_column vc_column_container\"><div class=\"vc_column-inner\"><div class=\"w-tabs style_default switch_click accordion has_scrolling\" style=\"--sections-title-size:inherit\"><div class=\"w-tabs-sections titles-align_none icon_chevron cpos_right\"><div class=\"w-tabs-section\" id=\"a1be\"><button aria-controls=\"content-a1be\" class=\"w-tabs-section-header\"><div class=\"w-tabs-section-title\">Objetivos<\/div><div class=\"w-tabs-section-control\"><\/div><\/button><div  class=\"w-tabs-section-content\" id=\"content-a1be\" aria-expanded=\"false\"><div class=\"w-tabs-section-content-h i-cf\"><div class=\"wpb_text_column\"><div class=\"wpb_wrapper\"><div align=\"justify\">\n<p>Refor\u00e7o da capacidade empresarial de PME da Regi\u00e3o para o desenvolvimento de processos de Inova\u00e7\u00e3o, estimulando pr\u00e1ticas de coopera\u00e7\u00e3o e competi\u00e7\u00e3o, sensibilizando e capacitando as PME para os fatores cr\u00edticos de competitividade nos dom\u00ednios da inova\u00e7\u00e3o, assentes nos Dom\u00ednios de Especializa\u00e7\u00e3o da RIS3 Alentejo.<\/p>\n<p>Visa estimular as PME no desenvolvimento de projetos inovadores, com vista ao desenvolvimento de novos bens e servi\u00e7os ao aumento da produtividade e capacidade de cria\u00e7\u00e3o de valor.<\/p>\n<p>Este projeto, estar\u00e1 alinhado com as estrat\u00e9gias de desenvolvimento para os territ\u00f3rios de baixa densidade, com especial incid\u00eancia no apoio \u00e0s PME com vista ao incremento de ganhos de competitividade assentes nos recursos end\u00f3genos do territ\u00f3rio.<\/p>\n<\/div>\n<\/div><\/div><\/div><\/div><\/div><div class=\"w-tabs-section\" id=\"z30b\"><button aria-controls=\"content-z30b\" class=\"w-tabs-section-header\"><div class=\"w-tabs-section-title\">Ficha do Projeto<\/div><div class=\"w-tabs-section-control\"><\/div><\/button><div  class=\"w-tabs-section-content\" id=\"content-z30b\" aria-expanded=\"false\"><div class=\"w-tabs-section-content-h i-cf\"><div class=\"wpb_text_column\"><div class=\"wpb_wrapper\"><p><a href=\"https:\/\/mfernandes.pt\/inovarmaisdoispontozero\/wp-content\/uploads\/2022\/09\/Inovar-2.0-Ficha-de-Projeto.pdf\">Inovar +2.0 &#8211; Ficha de Projeto<\/a><\/p>\n<\/div><\/div><\/div><\/div><\/div><div class=\"w-tabs-section\" id=\"l568\"><button aria-controls=\"content-l568\" class=\"w-tabs-section-header\"><div class=\"w-tabs-section-title\">Atividades do Projeto<\/div><div class=\"w-tabs-section-control\"><\/div><\/button><div  class=\"w-tabs-section-content\" id=\"content-l568\" aria-expanded=\"false\"><div class=\"w-tabs-section-content-h i-cf\"><div class=\"wpb_text_column\"><div class=\"wpb_wrapper\"><p><strong>1.PROGRAMAS SETORIAIS DE VIGIL\u00c2NCIA TECNOL\u00d3GICA INOVAR+ 2.0<\/strong><\/p>\n<p>1.1. Elabora\u00e7\u00e3o de Relat\u00f3rio de Roadmap para \u00a0a inova\u00e7\u00e3o da regi\u00e3o<\/p>\n<p>1.2. Elabora\u00e7\u00e3o de relat\u00f3rio tend\u00eancias e vigil\u00e2ncia tecnol\u00f3gica para a regi\u00e3o<\/p>\n<p><strong>2.PLATAFORMA INOVAR+ 2.0 <\/strong><\/p>\n<p>2.1. Desenvolvimento tecnol\u00f3gico da mostra virtual INOVA\u00a0 2.0 de boas pr\u00e1ticas empresariais, projetos inovadores e bolsa de tecnologias da regi\u00e3o<\/p>\n<p>2.2. Desenvolvimento tecnol\u00f3gico de simulador de auto-diagn\u00f3stico e bar\u00f3metro INOVA 2.0 para avalia\u00e7\u00e3o regional da inova\u00e7\u00e3o empresarial<\/p>\n<p><strong>\u00a03.<\/strong><strong>COMUNIDADES DE INOVA\u00c7\u00c3O SETORIAIS INOVAR+ 2.0<\/strong><\/p>\n<p>3.1. Realiza\u00e7\u00e3o de cl\u00ednicas de inova\u00e7\u00e3o orientadas para os setores estrat\u00e9gicos alvo<\/p>\n<p>3.2. Desenvolvimento de sess\u00f5es de capacita\u00e7\u00e3o da rede no \u00e2mbito dos fatores criticos de competitividade<\/p>\n<p>3.3. Realiza\u00e7\u00e3o de visitas a institui\u00e7\u00f5es e empresas nacionais e internacionais de interesse para as comunidades de inova\u00e7\u00e3o<\/p>\n<p><strong>4.SISTEMA DE RECONHECIMENTO DA GEST\u00c3O DA INOVA\u00c7\u00c3O INOVAR+ 2.0<\/strong><\/p>\n<p>4.1. Prepara\u00e7\u00e3o, gest\u00e3o e avalia\u00e7\u00e3o\u00a0 do SRGI\u00a0 INOVAR+ 2.0.<\/p>\n<p>4.2. Realiza\u00e7\u00e3o de a\u00e7\u00f5es de divulga\u00e7\u00e3o do SRGI ALENTEJO INOVAR+ 2.0.<\/p>\n<p>4.3. Avalia\u00e7\u00e3o das PME no \u00e2mbito do SRGI\u00a0 INOVAR+ 2.0.<\/p>\n<p><strong>5.CONCURSO DE INICIATIVAS INOVADORES\u00a0 INOVAR+ 2.0<\/strong><\/p>\n<p>5.1. Prepara\u00e7\u00e3o, gest\u00e3o e avalia\u00e7\u00e3o do concurso de Iniciativas Inovadores\u00a0 INOVAR+ 2.0<\/p>\n<p>5.3. Avalia\u00e7\u00e3o das candidaturas das PME no \u00e2mbito do Concurso de Projetos Inovadores\u00a0 INOVAR+ 2.0.<\/p>\n<p>5.4. pr\u00e9mios regionais ao projeto mais inovador<\/p>\n<p><strong>6.FORUM E MOSTRA DE INOVA\u00c7\u00c3O REGIONAL INOVAR+ 2.0<\/strong><\/p>\n<p>6.1. Realiza\u00e7\u00e3o de confer\u00eancias internacionais setoriais sobre inova\u00e7\u00e3o<\/p>\n<p>6.2. Realiza\u00e7\u00e3o de mostras de inova\u00e7\u00e3o regionais<\/p>\n<p><strong>7.PLANO DE COMUNICA\u00c7\u00c3O DAS ATIVIDADES E PRODUTOS DO PROJETO<\/strong><\/p>\n<p>7.1. Desenvolvimento de campanhas de comunica\u00e7\u00e3o\u00a0 das atividades do projeto<\/p>\n<p>7.2. Conce\u00e7\u00e3o gr\u00e1fica de imagem e produ\u00e7\u00e3o de suportes de comunica\u00e7\u00e3o para o projeto<\/p>\n<p>7.3. Desenvolvimento de conte\u00fados e marketing digital do projeto<\/p>\n<p>7.4. Cria\u00e7\u00e3o e publica\u00e7\u00e3o de suplemento informativo Alentejo INOVAR+ 2.0<\/p>\n<p>7.5. Desenvolvimento de v\u00eddeo sobre inova\u00e7\u00e3o no Alentejo<\/p>\n<\/div><\/div><\/div><\/div><\/div><div class=\"w-tabs-section\" id=\"h6c8\"><button aria-controls=\"content-h6c8\" class=\"w-tabs-section-header\"><div class=\"w-tabs-section-title\">Territ\u00f3rios Alvo<\/div><div class=\"w-tabs-section-control\"><\/div><\/button><div  class=\"w-tabs-section-content\" id=\"content-h6c8\" aria-expanded=\"false\"><div class=\"w-tabs-section-content-h i-cf\"><div class=\"wpb_text_column\"><div class=\"wpb_wrapper\"><ul>\n<li>Alto Alentejo<\/li>\n<li>Alentejo Central<\/li>\n<li>Baixo Alentejo<\/li>\n<li>Lez\u00edria do Tejo<\/li>\n<\/ul>\n<\/div><\/div><\/div><\/div><\/div><div class=\"w-tabs-section\" id=\"he0a\"><button aria-controls=\"content-he0a\" class=\"w-tabs-section-header\"><div class=\"w-tabs-section-title\">Entidades Promotoras<\/div><div class=\"w-tabs-section-control\"><\/div><\/button><div  class=\"w-tabs-section-content\" id=\"content-he0a\" aria-expanded=\"false\"><div class=\"w-tabs-section-content-h i-cf\"><div class=\"w-image align_none\"><div class=\"w-image-h\"><img loading=\"lazy\" decoding=\"async\" width=\"553\" height=\"70\" src=\"https:\/\/mfernandes.pt\/inovarmaisdoispontozero\/wp-content\/uploads\/2022\/09\/entidades_promotoras.jpg\" class=\"attachment-large size-large\" alt=\"\" srcset=\"https:\/\/mfernandes.pt\/inovarmaisdoispontozero\/wp-content\/uploads\/2022\/09\/entidades_promotoras.jpg 553w, https:\/\/mfernandes.pt\/inovarmaisdoispontozero\/wp-content\/uploads\/2022\/09\/entidades_promotoras-300x38.jpg 300w, https:\/\/mfernandes.pt\/inovarmaisdoispontozero\/wp-content\/uploads\/2022\/09\/entidades_promotoras-35x4.jpg 35w, https:\/\/mfernandes.pt\/inovarmaisdoispontozero\/wp-content\/uploads\/2022\/09\/entidades_promotoras-500x63.jpg 500w\" sizes=\"auto, (max-width: 553px) 100vw, 553px\" \/><\/div><\/div><\/div><\/div><\/div><div class=\"w-tabs-section\" id=\"e24b\"><button aria-controls=\"content-e24b\" class=\"w-tabs-section-header\"><div class=\"w-tabs-section-title\">Cofinanciado por<\/div><div class=\"w-tabs-section-control\"><\/div><\/button><div  class=\"w-tabs-section-content\" id=\"content-e24b\" aria-expanded=\"false\"><div class=\"w-tabs-section-content-h i-cf\"><div class=\"w-image align_none\"><div class=\"w-image-h\"><img loading=\"lazy\" decoding=\"async\" width=\"459\" height=\"70\" src=\"https:\/\/mfernandes.pt\/inovarmaisdoispontozero\/wp-content\/uploads\/2022\/09\/financiamentos.jpg\" class=\"attachment-large size-large\" alt=\"\" srcset=\"https:\/\/mfernandes.pt\/inovarmaisdoispontozero\/wp-content\/uploads\/2022\/09\/financiamentos.jpg 459w, https:\/\/mfernandes.pt\/inovarmaisdoispontozero\/wp-content\/uploads\/2022\/09\/financiamentos-300x46.jpg 300w, https:\/\/mfernandes.pt\/inovarmaisdoispontozero\/wp-content\/uploads\/2022\/09\/financiamentos-35x5.jpg 35w\" sizes=\"auto, (max-width: 459px) 100vw, 459px\" \/><\/div><\/div><\/div><\/div><\/div><\/div><\/div><h4 class=\"w-text us_custom_499705d5\"><span class=\"w-text-h\"><span class=\"w-text-value\">ATIVIDADES<\/span><\/span><\/h4><\/div><\/div><\/div><\/div><\/section>\n","protected":false},"excerpt":{"rendered":"Objetivos Refor\u00e7o da capacidade empresarial de PME da Regi\u00e3o para o desenvolvimento de processos de Inova\u00e7\u00e3o, estimulando pr\u00e1ticas de coopera\u00e7\u00e3o e competi\u00e7\u00e3o, sensibilizando e capacitando as PME para os fatores cr\u00edticos de competitividade nos dom\u00ednios da inova\u00e7\u00e3o, assentes nos Dom\u00ednios de Especializa\u00e7\u00e3o da RIS3 Alentejo. Visa estimular as PME no desenvolvimento de projetos inovadores, com...","protected":false},"author":1,"featured_media":0,"parent":0,"menu_order":0,"comment_status":"closed","ping_status":"closed","template":"","meta":{"footnotes":""},"class_list":["post-7893","page","type-page","status-publish","hentry"],"_links":{"self":[{"href":"https:\/\/mfernandes.pt\/inovarmaisdoispontozero\/wp-json\/wp\/v2\/pages\/7893","targetHints":{"allow":["GET"]}}],"collection":[{"href":"https:\/\/mfernandes.pt\/inovarmaisdoispontozero\/wp-json\/wp\/v2\/pages"}],"about":[{"href":"https:\/\/mfernandes.pt\/inovarmaisdoispontozero\/wp-json\/wp\/v2\/types\/page"}],"author":[{"embeddable":true,"href":"https:\/\/mfernandes.pt\/inovarmaisdoispontozero\/wp-json\/wp\/v2\/users\/1"}],"replies":[{"embeddable":true,"href":"https:\/\/mfernandes.pt\/inovarmaisdoispontozero\/wp-json\/wp\/v2\/comments?post=7893"}],"version-history":[{"count":14,"href":"https:\/\/mfernandes.pt\/inovarmaisdoispontozero\/wp-json\/wp\/v2\/pages\/7893\/revisions"}],"predecessor-version":[{"id":8382,"href":"https:\/\/mfernandes.pt\/inovarmaisdoispontozero\/wp-json\/wp\/v2\/pages\/7893\/revisions\/8382"}],"wp:attachment":[{"href":"https:\/\/mfernandes.pt\/inovarmaisdoispontozero\/wp-json\/wp\/v2\/media?parent=7893"}],"curies":[{"name":"wp","href":"https:\/\/api.w.org\/{rel}","templated":true}]}}