{"id":6635,"date":"2019-05-10T14:40:15","date_gmt":"2019-05-10T14:40:15","guid":{"rendered":"http:\/\/impreza.us-themes.com\/?page_id=6635"},"modified":"2022-12-12T21:49:08","modified_gmt":"2022-12-12T21:49:08","slug":"home","status":"publish","type":"page","link":"https:\/\/mfernandes.pt\/inovarmaisdoispontozero\/","title":{"rendered":"Home"},"content":{"rendered":"<section class=\"l-section wpb_row us_custom_5cd26a65 height_auto\"><div class=\"l-section-h i-cf\"><div class=\"g-cols vc_row via_grid cols_1 laptops-cols_inherit tablets-cols_inherit mobiles-cols_1 valign_top type_default stacking_default\"><div class=\"wpb_column vc_column_container\"><div class=\"vc_column-inner\">\n\t\t\t<!-- START Slider 1 REVOLUTION SLIDER 6.5.30 --><p class=\"rs-p-wp-fix\"><\/p>\n\t\t\t<rs-module-wrap id=\"rev_slider_1_1_wrapper\" data-source=\"gallery\" style=\"visibility:hidden;background:transparent;padding:0;margin:0px auto;margin-top:0;margin-bottom:0;\">\n\t\t\t\t<rs-module id=\"rev_slider_1_1\" style=\"\" data-version=\"6.5.30\">\n\t\t\t\t\t<rs-slides>\n\t\t\t\t\t\t<rs-slide style=\"position: absolute;\" data-key=\"rs-1\" data-title=\"Slide\" data-in=\"o:0;\" data-out=\"a:false;\">\n\t\t\t\t\t\t\t<img decoding=\"async\" src=\"\/\/mfernandes.pt\/inovarmaisdoispontozero\/wp-content\/plugins\/revslider\/public\/assets\/assets\/dummy.png\" alt=\"Slide\" title=\"Home\" class=\"rev-slidebg tp-rs-img rs-lazyload\" data-lazyload=\"\/\/mfernandes.pt\/inovarmaisdoispontozero\/wp-content\/plugins\/revslider\/public\/assets\/assets\/transparent.png\" data-no-retina>\n<!--\n\t\t\t\t\t\t\t--><rs-layer\n\t\t\t\t\t\t\t\tid=\"slider-1-slide-1-layer-1\" \n\t\t\t\t\t\t\t\tdata-type=\"image\"\n\t\t\t\t\t\t\t\tdata-rsp_ch=\"on\"\n\t\t\t\t\t\t\t\tdata-xy=\"x:c;y:c;\"\n\t\t\t\t\t\t\t\tdata-text=\"w:normal;\"\n\t\t\t\t\t\t\t\tdata-dim=\"w:1920px;h:601px;\"\n\t\t\t\t\t\t\t\tdata-frame_1=\"sp:1100;\"\n\t\t\t\t\t\t\t\tdata-frame_999=\"o:0;st:w;sR:7900;\"\n\t\t\t\t\t\t\t\tstyle=\"z-index:5;\"\n\t\t\t\t\t\t\t><img decoding=\"async\" src=\"\/\/mfernandes.pt\/inovarmaisdoispontozero\/wp-content\/plugins\/revslider\/public\/assets\/assets\/dummy.png\" alt=\"\" class=\"tp-rs-img rs-lazyload\" width=\"1920\" height=\"601\" data-lazyload=\"\/\/mfernandes.pt\/inovarmaisdoispontozero\/wp-content\/uploads\/2022\/09\/slideshow_1.jpg\" data-no-retina> \n\t\t\t\t\t\t\t<\/rs-layer><!--\n-->\t\t\t\t\t\t<\/rs-slide>\n\t\t\t\t\t<\/rs-slides>\n\t\t\t\t<\/rs-module>\n\t\t\t\t<script>\n\t\t\t\t\tsetREVStartSize({c: 'rev_slider_1_1',rl:[1240,1024,778,480],el:[600],gw:[1920],gh:[600],type:'standard',justify:'',layout:'fullwidth',mh:\"0\"});if (window.RS_MODULES!==undefined && window.RS_MODULES.modules!==undefined && window.RS_MODULES.modules[\"revslider11\"]!==undefined) {window.RS_MODULES.modules[\"revslider11\"].once = false;window.revapi1 = undefined;if (window.RS_MODULES.checkMinimal!==undefined) window.RS_MODULES.checkMinimal()}\n\t\t\t\t<\/script>\n\t\t\t<\/rs-module-wrap>\n\t\t\t<!-- END REVOLUTION SLIDER -->\n<\/div><\/div><\/div><\/div><\/section><section class=\"l-section wpb_row us_custom_4ef0fca6  hide_on_tablets hide_on_mobiles height_auto color_primary\" id=\"fourth\"><div class=\"l-section-h i-cf\"><div class=\"g-cols vc_row via_grid cols_custom laptops-cols_inherit tablets-cols_inherit mobiles-cols_1 valign_top type_default stacking_default\" style=\"--custom-columns:4fr 0.5fr 0.5fr 0.5fr 0.5fr \"><div class=\"wpb_column vc_column_container\"><div class=\"vc_column-inner\"><h4 class=\"w-itext us_custom_2d9f7a3b type_fadeIn align_center\" onclick='return {&quot;duration&quot;:300,&quot;delay&quot;:2000,&quot;disablePartAnimation&quot;:false,&quot;html_nbsp_char&quot;:true}'>Formul\u00e1rio\u00a0de\u00a0ades\u00e3o\u00a0<span class=\"w-itext-part changesat_0 changesat_1 changesat_2 changesat_3 dynamic\" onclick='return [&quot;ao\\u00a0Projeto&quot;,&quot;\\u00e0\\u00a0Mostra\\u00a0de\\u00a0Inova\\u00e7\\u00e3o&quot;,&quot;\\u00e0\\u00a0Bolsa\\u00a0de\\u00a0Tecnologia&quot;,&quot;ao\\u00a0Concurso&quot;]'><span>ao&nbsp;Projeto<\/span><\/span><\/h4><\/div><\/div><div class=\"wpb_column vc_column_container\"><div class=\"vc_column-inner\"><div class=\"w-btn-wrapper align_center\"><a class=\"w-btn us-btn-style_4 us_custom_787c4b01\" title=\"FORMUL\u00c1RIO DE ADES\u00c3O AO PROJETO\" href=\"https:\/\/mfernandes.pt\/inovarmaisdoispontozero\/formulario-de-adesao-ao-projeto\/\"><span class=\"w-btn-label\">PROJETO<\/span><\/a><\/div><\/div><\/div><div class=\"wpb_column vc_column_container\"><div class=\"vc_column-inner\"><div class=\"w-btn-wrapper align_center\"><a class=\"w-btn us-btn-style_4 us_custom_af05f5b6\" title=\"FORMUL\u00c1RIO DE ADES\u00c3O \u00c0 MOSTRA\" href=\"https:\/\/mfernandes.pt\/inovarmaisdoispontozero\/formulario-de-adesao-a-mostra\/\"><span class=\"w-btn-label\">MOSTRA<\/span><\/a><\/div><\/div><\/div><div class=\"wpb_column vc_column_container\"><div class=\"vc_column-inner\"><div class=\"w-btn-wrapper align_center\"><a class=\"w-btn us-btn-style_4 us_custom_af05f5b6\" title=\"FORMUL\u00c1RIO DE ADES\u00c3O \u00c0 BOLSA\" href=\"https:\/\/mfernandes.pt\/inovarmaisdoispontozero\/formulario-de-adesao-a-bolsa\/\"><span class=\"w-btn-label\">BOLSA<\/span><\/a><\/div><\/div><\/div><div class=\"wpb_column vc_column_container\"><div class=\"vc_column-inner\"><div class=\"w-btn-wrapper align_center\"><a class=\"w-btn us-btn-style_4 us_custom_af05f5b6\" title=\"FORMUL\u00c1RIO DE ADES\u00c3O AO CONCURSO\" target=\"_blank\" href=\"https:\/\/docs.google.com\/forms\/d\/e\/1FAIpQLSf8fygDY9DKRfuDt2m2Kn2o9A4auwjBTQIyeR_OvqmoTdZQUA\/viewform\" rel=\"noopener\"><span class=\"w-btn-label\">CONCURSO<\/span><\/a><\/div><\/div><\/div><\/div><\/div><\/section><section class=\"l-section wpb_row us_custom_720e094e height_custom\" id=\"features\"><div class=\"l-section-h i-cf\"><div class=\"g-cols vc_row via_grid cols_5 laptops-cols_inherit tablets-cols_inherit mobiles-cols_1 valign_top type_default stacking_default\"><div class=\"wpb_column vc_column_container\"><div class=\"vc_column-inner\"><div class=\"w-iconbox iconpos_top style_default color_primary align_center\"><a title=\"CONTACTOS\" href=\"https:\/\/mfernandes.pt\/inovarmaisdoispontozero\/entidades\/\" class=\"w-iconbox-link\" aria-label=\"Entidades\"><div class=\"w-iconbox-icon\" style=\"font-size:3.3rem;\"><i class=\"fal fa-home\"><\/i><\/div><\/a><div class=\"w-iconbox-meta\"><a title=\"CONTACTOS\" href=\"https:\/\/mfernandes.pt\/inovarmaisdoispontozero\/entidades\/\" class=\"w-iconbox-link\" aria-label=\"Entidades\"><h2 class=\"w-iconbox-title\" style=\"font-size:1.5rem;\">Entidades<\/h2><\/a><div class=\"w-iconbox-text\"><p>Entidades regionais participantes<\/p>\n<\/div><\/div><\/div><\/div><\/div><div class=\"wpb_column vc_column_container\"><div class=\"vc_column-inner\"><div class=\"w-iconbox iconpos_top style_default color_primary align_center\"><a title=\"MOSTRA\" href=\"https:\/\/mfernandes.pt\/inovarmaisdoispontozero\/boas-praticas\/\" class=\"w-iconbox-link\" aria-label=\"Boas Pr\u00e1ticas\"><div class=\"w-iconbox-icon\" style=\"font-size:3.3rem;\"><i class=\"fal fa-flask\"><\/i><\/div><\/a><div class=\"w-iconbox-meta\"><a title=\"MOSTRA\" href=\"https:\/\/mfernandes.pt\/inovarmaisdoispontozero\/boas-praticas\/\" class=\"w-iconbox-link\" aria-label=\"Boas Pr\u00e1ticas\"><h2 class=\"w-iconbox-title\" style=\"font-size:1.5rem;\">Boas Pr\u00e1ticas<\/h2><\/a><div class=\"w-iconbox-text\"><p>Promo\u00e7\u00e3o de iniciativas empresariais inovadoras<\/p>\n<\/div><\/div><\/div><\/div><\/div><div class=\"wpb_column vc_column_container\"><div class=\"vc_column-inner\"><div class=\"w-iconbox iconpos_top style_default color_primary align_center\"><a title=\"MOSTRA\" href=\"https:\/\/mfernandes.pt\/inovarmaisdoispontozero\/roadshow\/\" class=\"w-iconbox-link\" aria-label=\"Roadshow\"><div class=\"w-iconbox-icon\" style=\"font-size:3.3rem;\"><i class=\"fal fa-handshake\"><\/i><\/div><\/a><div class=\"w-iconbox-meta\"><a title=\"MOSTRA\" href=\"https:\/\/mfernandes.pt\/inovarmaisdoispontozero\/roadshow\/\" class=\"w-iconbox-link\" aria-label=\"Roadshow\"><h2 class=\"w-iconbox-title\" style=\"font-size:1.5rem;\">Roadshow<\/h2><\/a><div class=\"w-iconbox-text\"><p>Roadshow regional Virtual<\/p>\n<\/div><\/div><\/div><\/div><\/div><div class=\"wpb_column vc_column_container\"><div class=\"vc_column-inner\"><div class=\"w-iconbox iconpos_top style_default color_primary align_center\"><a title=\"BAR\u00d3METRO\" href=\"https:\/\/mfernandes.pt\/inovarmaisdoispontozero\/barometro\/\" class=\"w-iconbox-link\" aria-label=\"Bar\u00f3metro\"><div class=\"w-iconbox-icon\" style=\"font-size:3.3rem;\"><i class=\"fal fa-chart-line\"><\/i><\/div><\/a><div class=\"w-iconbox-meta\"><a title=\"BAR\u00d3METRO\" href=\"https:\/\/mfernandes.pt\/inovarmaisdoispontozero\/barometro\/\" class=\"w-iconbox-link\" aria-label=\"Bar\u00f3metro\"><h2 class=\"w-iconbox-title\" style=\"font-size:1.5rem;\">Bar\u00f3metro<\/h2><\/a><div class=\"w-iconbox-text\"><p>Indicadores regionais<\/p>\n<\/div><\/div><\/div><\/div><\/div><div class=\"wpb_column vc_column_container\"><div class=\"vc_column-inner\"><div class=\"w-iconbox iconpos_top style_default color_primary align_center\"><a title=\"CONCURSO\" target=\"_blank\" href=\"https:\/\/docs.google.com\/forms\/d\/e\/1FAIpQLSf8fygDY9DKRfuDt2m2Kn2o9A4auwjBTQIyeR_OvqmoTdZQUA\/viewform\" rel=\"noopener\" class=\"w-iconbox-link\" aria-label=\"Concurso\"><div class=\"w-iconbox-icon\" style=\"font-size:3.3rem;\"><i class=\"fal fa-lightbulb-on\"><\/i><\/div><\/a><div class=\"w-iconbox-meta\"><a title=\"CONCURSO\" target=\"_blank\" href=\"https:\/\/docs.google.com\/forms\/d\/e\/1FAIpQLSf8fygDY9DKRfuDt2m2Kn2o9A4auwjBTQIyeR_OvqmoTdZQUA\/viewform\" rel=\"noopener\" class=\"w-iconbox-link\" aria-label=\"Concurso\"><h2 class=\"w-iconbox-title\" style=\"font-size:1.5rem;\">Concurso<\/h2><\/a><div class=\"w-iconbox-text\"><p>Projetos inovadores<\/p>\n<\/div><\/div><\/div><\/div><\/div><\/div><\/div><\/section><section class=\"l-section wpb_row height_custom color_primary with_img parallax_ver with_shape\" id=\"second\"><div class=\"l-section-img\" style=\"background-image: url(https:\/\/mfernandes.pt\/inovarmaisdoispontozero\/wp-content\/uploads\/2019\/07\/us-placeholder-landscape.jpg);\" data-img-width=\"1800\" data-img-height=\"1200\"><\/div><div class=\"l-section-overlay\" style=\"background:rgba(25,25,25,0.51)\"><\/div><div class=\"l-section-shape type_zigzag pos_bottom\"><svg xmlns=\"http:\/\/www.w3.org\/2000\/svg\" viewBox=\"0 0 64 8\" preserveAspectRatio=\"none\" width=\"100%\" height=\"100%\">\r\n\t<path fill=\"currentColor\" d=\"M64 8 L0 8 L0 0 L20 7.9 L40 3 L48 5 L64 0 Z\"\/>\r\n<\/svg><\/div><div class=\"l-section-h i-cf\"><div class=\"g-cols vc_row via_grid cols_1 laptops-cols_inherit tablets-cols_inherit mobiles-cols_1 valign_top type_default stacking_default\"><div class=\"wpb_column vc_column_container\"><div class=\"vc_column-inner\"><div class=\"wpb_text_column\"><div class=\"wpb_wrapper\"><h2 style=\"text-align: center;\">Indicadores a realizar<\/h2>\n<\/div><\/div><div class=\"w-separator size_large\"><\/div><div class=\"g-cols wpb_row via_grid cols_4 laptops-cols_inherit tablets-cols_inherit mobiles-cols_1 valign_top type_default stacking_default\"><div class=\"wpb_column vc_column_container\"><div class=\"vc_column-inner\"><div class=\"w-counter us_custom_69e32a11 color_heading align_center has_font_size\" data-duration=\"2000\"><div class=\"w-counter-value\"><span class=\"w-counter-value-part type_text\" data-final=\"\"><\/span><span class=\"w-counter-value-part type_number\" data-final=\"144\">0<\/span><span class=\"w-counter-value-part type_text\" data-final=\"\">+<\/span><\/div><h3 class=\"w-counter-title\" style=\"font-size:1.2rem;\">A\u00e7\u00f5es de Capacita\u00e7\u00e3o<\/h3><\/div><\/div><\/div><div class=\"wpb_column vc_column_container\"><div class=\"vc_column-inner\"><div class=\"w-counter us_custom_69e32a11 color_primary align_center has_font_size\" data-duration=\"3000\"><div class=\"w-counter-value\"><span class=\"w-counter-value-part type_text\" data-final=\"\"><\/span><span class=\"w-counter-value-part type_number\" data-final=\"200\">0<\/span><span class=\"w-counter-value-part type_text\" data-final=\"+\">+<\/span><\/div><h3 class=\"w-counter-title\" style=\"font-size:1.2rem;\">Empresas envolvidas<\/h3><\/div><\/div><\/div><div class=\"wpb_column vc_column_container\"><div class=\"vc_column-inner\"><div class=\"w-counter us_custom_69e32a11 color_heading align_center has_font_size\" data-duration=\"2000\"><div class=\"w-counter-value\"><span class=\"w-counter-value-part type_text\" data-final=\"\"><\/span><span class=\"w-counter-value-part type_number\" data-final=\"4\">0<\/span><span class=\"w-counter-value-part type_text\" data-final=\"\"><\/span><\/div><h3 class=\"w-counter-title\" style=\"font-size:1.2rem;\">Aplica\u00e7\u00f5es Virtuais<\/h3><\/div><\/div><\/div><div class=\"wpb_column vc_column_container\"><div class=\"vc_column-inner\"><div class=\"w-counter us_custom_69e32a11 color_secondary align_center has_font_size\" data-duration=\"2000\"><div class=\"w-counter-value\"><span class=\"w-counter-value-part type_text\" data-final=\"\"><\/span><span class=\"w-counter-value-part type_number\" data-final=\"20\">0<\/span><span class=\"w-counter-value-part type_text\" data-final=\"\"><\/span><\/div><h3 class=\"w-counter-title\" style=\"font-size:1.2rem;\">Atividades<\/h3><\/div><\/div><\/div><\/div><div class=\"w-separator size_custom\" style=\"height:10vh\"><\/div><\/div><\/div><\/div><\/div><\/section><section class=\"l-section wpb_row height_custom\" id=\"first\"><div class=\"l-section-h i-cf\"><div class=\"g-cols vc_row via_grid cols_1 laptops-cols_inherit tablets-cols_inherit mobiles-cols_1 valign_top type_default stacking_default\"><div class=\"wpb_column vc_column_container\"><div class=\"vc_column-inner\"><div class=\"wpb_text_column\"><div class=\"wpb_wrapper\"><h3 style=\"text-align: center;\">BOLSA DE TECNOLOGIA<\/h3>\n<\/div><\/div><div class=\"w-separator size_large\"><\/div><div class=\"w-separator size_large\"><\/div><\/div><\/div><\/div><\/div><\/section>\n","protected":false},"excerpt":{"rendered":"Formul\u00e1rio\u00a0de\u00a0ades\u00e3o\u00a0ao&nbsp;ProjetoPROJETOMOSTRABOLSACONCURSOEntidadesEntidades regionais participantes Boas Pr\u00e1ticasPromo\u00e7\u00e3o de iniciativas empresariais inovadoras RoadshowRoadshow regional Virtual Bar\u00f3metroIndicadores regionais ConcursoProjetos inovadores Indicadores a realizar 0+A\u00e7\u00f5es de Capacita\u00e7\u00e3o0+Empresas envolvidas0Aplica\u00e7\u00f5es Virtuais0AtividadesBOLSA DE TECNOLOGIA","protected":false},"author":1,"featured_media":0,"parent":0,"menu_order":0,"comment_status":"closed","ping_status":"closed","template":"","meta":{"footnotes":""},"class_list":["post-6635","page","type-page","status-publish","hentry"],"_links":{"self":[{"href":"https:\/\/mfernandes.pt\/inovarmaisdoispontozero\/wp-json\/wp\/v2\/pages\/6635","targetHints":{"allow":["GET"]}}],"collection":[{"href":"https:\/\/mfernandes.pt\/inovarmaisdoispontozero\/wp-json\/wp\/v2\/pages"}],"about":[{"href":"https:\/\/mfernandes.pt\/inovarmaisdoispontozero\/wp-json\/wp\/v2\/types\/page"}],"author":[{"embeddable":true,"href":"https:\/\/mfernandes.pt\/inovarmaisdoispontozero\/wp-json\/wp\/v2\/users\/1"}],"replies":[{"embeddable":true,"href":"https:\/\/mfernandes.pt\/inovarmaisdoispontozero\/wp-json\/wp\/v2\/comments?post=6635"}],"version-history":[{"count":120,"href":"https:\/\/mfernandes.pt\/inovarmaisdoispontozero\/wp-json\/wp\/v2\/pages\/6635\/revisions"}],"predecessor-version":[{"id":8569,"href":"https:\/\/mfernandes.pt\/inovarmaisdoispontozero\/wp-json\/wp\/v2\/pages\/6635\/revisions\/8569"}],"wp:attachment":[{"href":"https:\/\/mfernandes.pt\/inovarmaisdoispontozero\/wp-json\/wp\/v2\/media?parent=6635"}],"curies":[{"name":"wp","href":"https:\/\/api.w.org\/{rel}","templated":true}]}}