{"id":312,"date":"2018-03-08T00:32:54","date_gmt":"2018-03-08T00:32:54","guid":{"rendered":"http:\/\/ninzio.com\/gustablo\/?page_id=312"},"modified":"2019-02-19T22:46:19","modified_gmt":"2019-02-19T22:46:19","slug":"home-2","status":"publish","type":"page","link":"https:\/\/mfernandes.pt\/belomonte\/","title":{"rendered":"Home"},"content":{"rendered":"<p>[vc_row][vc_column][rev_slider_vc alias=&#8221;belomonte&#8221;][\/vc_column][\/vc_row][vc_row el_class=&#8221;top-contact-form&#8221;][vc_column]<div class=\"wprt-content-box clearfix \" data-padding=\"36px 46px 36px 46px\" data-mobipadding=\"36px 46px 36px 46px\" data-margin=\"-63px 0px 0px 0px\" data-mobimargin=\"-63px 0px 0px 0px\">\r\n\t\t<div class=\"inner-wrap \" style=\"background:url(https:\/\/mfernandes.pt\/belomonte\/wp-content\/uploads\/2019\/01\/top_contact.jpg) center center no-repeat;\">\r\n\t\t\t<div role=\"form\" class=\"wpcf7\" id=\"wpcf7-f526-o1\" lang=\"en-US\" dir=\"ltr\">\n<div class=\"screen-reader-response\"><\/div>\n<form action=\"\/belomonte\/wp-json\/wp\/v2\/pages\/312#wpcf7-f526-o1\" method=\"post\" class=\"wpcf7-form\" novalidate=\"novalidate\">\n<div style=\"display: none;\">\n<input type=\"hidden\" name=\"_wpcf7\" value=\"526\" \/>\n<input type=\"hidden\" name=\"_wpcf7_version\" value=\"5.1.1\" \/>\n<input type=\"hidden\" name=\"_wpcf7_locale\" value=\"en_US\" \/>\n<input type=\"hidden\" name=\"_wpcf7_unit_tag\" value=\"wpcf7-f526-o1\" \/>\n<input type=\"hidden\" name=\"_wpcf7_container_post\" value=\"0\" \/>\n<input type=\"hidden\" name=\"g-recaptcha-response\" value=\"\" \/>\n<\/div>\n<div class=\"wprt-contact-form-4\">\n<span class=\"wpcf7-form-control-wrap your-name\"><input type=\"text\" name=\"your-name\" value=\"\" size=\"40\" class=\"wpcf7-form-control wpcf7-text wpcf7-validates-as-required\" aria-required=\"true\" aria-invalid=\"false\" placeholder=\"Nome\" \/><\/span><span class=\"wpcf7-form-control-wrap your-email\"><input type=\"email\" name=\"your-email\" value=\"\" size=\"40\" class=\"wpcf7-form-control wpcf7-text wpcf7-email wpcf7-validates-as-required wpcf7-validates-as-email\" aria-required=\"true\" aria-invalid=\"false\" placeholder=\"Email\" \/><\/span><span class=\"wpcf7-form-control-wrap your-message\"><input type=\"text\" name=\"your-message\" value=\"\" size=\"40\" class=\"wpcf7-form-control wpcf7-text wpcf7-validates-as-required\" aria-required=\"true\" aria-invalid=\"false\" placeholder=\"Mensagem\" \/><\/span>\n<div class=\"wrap-submit\"><input type=\"submit\" value=\"CONTACTE-NOS\" class=\"wpcf7-form-control wpcf7-submit\" \/><\/div>\n<\/div>\n<div class=\"wpcf7-response-output wpcf7-display-none\"><\/div><\/form><\/div>\n\r\n\t\t<\/div>\r\n\t<\/div>[\/vc_column][\/vc_row][vc_row][vc_column]\r\n\t<div class=\"wprt-spacer clearfix\" data-desktop=\"62\" data-mobi=\"60\" data-smobi=\"60\"><\/div><div class=\"wprt-grid-box clearfix dotted no-border-wrap\">\r\n\t\t<div class=\"wprt-content-box clearfix \" data-padding=\"0px 50px 0px 50px\" data-mobipadding=\"0px 0px 35px 0px\" data-margin=\"\" data-mobimargin=\"\">\r\n\t\t<div class=\"inner-wrap \" style=\"\">\r\n\t\t\t<div class=\"wprt-icon-box clearfix icon-top w95 grey-bg align-center rounded-100 has-width\"><div class=\"icon-wrap \" style=\"font-size:40px;\">\r\n\t\t\t\t<i class=\"nz-coffee2\"><\/i>\r\n\t\t\t<\/div> <h3 class=\"heading \" style=\"font-size:16px;margin-bottom:5px;\">\r\n\t\t<a target=\"_blank\" href=\"\">\r\n\t\t\t<span>HIST\u00d3RIA<\/span>\r\n\t\t<\/a>\r\n\t<\/h3><p class=\"desc\" style=\"\">\r\n\t\t<span>Completamos este ano 25 anos ao seu servi\u00e7o<\/span>\r\n\t<\/p><\/div>\n\r\n\t\t<\/div>\r\n\t<\/div><div class=\"wprt-content-box clearfix \" data-padding=\"0px 50px 0px 50px\" data-mobipadding=\"35px 0px 35px 0px\" data-margin=\"\" data-mobimargin=\"\">\r\n\t\t<div class=\"inner-wrap \" style=\"\">\r\n\t\t\t<div class=\"wprt-icon-box clearfix icon-top w95 grey-bg align-center rounded-100 has-width\"><div class=\"icon-wrap \" style=\"font-size:40px;\">\r\n\t\t\t\t<i class=\"fa fa-map-marker\"><\/i>\r\n\t\t\t<\/div> <h3 class=\"heading \" style=\"font-size:16px;margin-bottom:5px;\">\r\n\t\t<a target=\"_blank\" href=\"\">\r\n\t\t\t<span>LOCALIZA\u00c7\u00c3O<\/span>\r\n\t\t<\/a>\r\n\t<\/h3><p class=\"desc\" style=\"\">\r\n\t\t<span>Localizada mesmo no cora\u00e7\u00e3o da cidade, em plena Pra\u00e7a da Fruta<\/span>\r\n\t<\/p><\/div>\n\r\n\t\t<\/div>\r\n\t<\/div><div class=\"wprt-content-box clearfix \" data-padding=\"0px 50px 0px 50px\" data-mobipadding=\"35px 0px 0px 0px\" data-margin=\"\" data-mobimargin=\"\">\r\n\t\t<div class=\"inner-wrap \" style=\"\">\r\n\t\t\t<div class=\"wprt-icon-box clearfix icon-top w95 grey-bg align-center rounded-100 has-width\"><div class=\"icon-wrap \" style=\"font-size:40px;\">\r\n\t\t\t\t<i class=\"nz-dinner\"><\/i>\r\n\t\t\t<\/div> <h3 class=\"heading \" style=\"font-size:16px;margin-bottom:5px;\">\r\n\t\t<a target=\"_blank\" href=\"\">\r\n\t\t\t<span>ATENDIMENTO<\/span>\r\n\t\t<\/a>\r\n\t<\/h3><p class=\"desc\" style=\"\">\r\n\t\t<span>Orgulhamo-nos do nosso servi\u00e7o cordial e eficiente, sendo que os clientes s\u00e3o a principal prioridade<\/span>\r\n\t<\/p><\/div>\n\r\n\t\t<\/div>\r\n\t<\/div>\n\r\n\t<\/div>\r\n\t<div class=\"wprt-spacer clearfix\" data-desktop=\"78\" data-mobi=\"60\" data-smobi=\"60\"><\/div>[\/vc_column][\/vc_row][vc_row full_width=&#8221;stretch_row&#8221; css=&#8221;.vc_custom_1547740306121{background: #f5f5f5 url(https:\/\/mfernandes.pt\/belomonte\/wp-content\/uploads\/2019\/01\/wood_background_1.jpg?id=1090) !important;}&#8221; el_id=&#8221;historia&#8221;][vc_column]\r\n\t<div class=\"wprt-spacer clearfix\" data-desktop=\"72\" data-mobi=\"60\" data-smobi=\"60\"><\/div>[vc_row_inner][vc_column_inner width=&#8221;1\/2&#8243;][vc_single_image image=&#8221;1070&#8243; alignment=&#8221;right&#8221;]\r\n\t<div class=\"wprt-spacer clearfix\" data-desktop=\"0\" data-mobi=\"30\" data-smobi=\"30\"><\/div>[\/vc_column_inner][vc_column_inner width=&#8221;1\/2&#8243;]\r\n\t<div class=\"wprt-spacer clearfix\" data-desktop=\"15\" data-mobi=\"0\" data-smobi=\"0\"><\/div><div class=\"wprt-headings clearfix text-center\"  style=\"\"><h2 class=\"heading clearfix\" style=\"\">\r\n\t\tPASTELARIA BELOMONTE\r\n\t<\/h2><\/div><div class=\"wprt-divider has-icon\" style=\"width:288px;margin-top:16px;margin-bottom:22px;\">\r\n\t\t\t<div class=\"divider-icon\">\r\n\t\t\t\t<span class=\"divider-icon-before divider-center divider-double\" style=\"border-color:#dddddd;\"><\/span>\r\n\t\t\t\t<span class=\"icon-wrap\" style=\"\"><span class=\"nz-chef \" style=\"font-size:30px;color:#999999;\"><\/span><\/span>\r\n\t\t\t\t<span class=\"divider-icon-after divider-center divider-double\" style=\"border-color:#dddddd;\"><\/span>\r\n\t\t\t<\/div>\r\n\t\t<\/div><div class=\"clearfix\"><\/div><div class=\"wprt-headings clearfix text-center\"  style=\"\"><p class=\"sub-heading clearfix\" style=\"font-style:normal;font-size:17px;line-height:28px;max-width:560px; margin-left: auto; margin-right: auto;\">\r\n\t\tA pastelaria Belomonte teve a sua constitui\u00e7\u00e3o enquanto sociedade por quotas em Janeiro de 1993 mas muito antes desta constitui\u00e7\u00e3o j\u00e1 existia em nome individual.<br \/>\nEm 2013 a pastelaria \u00e9 vendida a m\u00e3e e filha ,a Sra. Maria do Carmo e a Sra. Rita Machado respetivamente.<br \/>\nHoje em dia continua a ter um vasto servi\u00e7o de cafetaria e a dedicar-se \u00e0 venda de uma grande variedade de produtos de pastelaria e salgados tradicionais, bem como de produtos regionais como as cavacas, beijinhos, pasteis Bordalo, entre outros.<br \/>\nA pastelaria Belomonte continua assim a ser o local de elei\u00e7\u00e3o para muitos que querem tomar o seu pequeno almo\u00e7o, ou fazer uma refei\u00e7\u00e3o leve ao almo\u00e7o, ou um lanche da tarde de qualidade.\r\n\t<\/p><\/div>[\/vc_column_inner][\/vc_row_inner]\r\n\t<div class=\"wprt-spacer clearfix\" data-desktop=\"90\" data-mobi=\"60\" data-smobi=\"60\"><\/div>[\/vc_column][\/vc_row][vc_row full_width=&#8221;stretch_row_content_no_spaces&#8221; parallax=&#8221;content-moving&#8221; parallax_image=&#8221;1096&#8243; el_id=&#8221;especialidades&#8221;][vc_column]\r\n\t<div class=\"wprt-spacer clearfix\" data-desktop=\"140\" data-mobi=\"0\" data-smobi=\"0\"><\/div><div class=\"wprt-content-box clearfix \" data-padding=\"0px 60px 0px 60px\" data-mobipadding=\"0px 30px 0px 30px\" data-margin=\"0 16% 0 16%\" data-mobimargin=\"0 8% 0 8%\">\r\n\t\t<div class=\"inner-wrap \" style=\"background-color:#ffffff;\">\r\n\t\t\t<div class=\"wprt-spacer clearfix\" data-desktop=\"72\" data-mobi=\"60\" data-smobi=\"60\"><\/div><div class=\"wprt-headings clearfix text-center\"  style=\"\"><h2 class=\"heading clearfix\" style=\"\">\r\n\t\tMENU\r\n\t<\/h2><\/div><div class=\"wprt-divider has-icon\" style=\"width:288px;margin-top:5px;margin-bottom:8px;\">\r\n\t\t\t<div class=\"divider-icon\">\r\n\t\t\t\t<span class=\"divider-icon-before divider-center divider-double\" style=\"border-color:#dddddd;\"><\/span>\r\n\t\t\t\t<span class=\"icon-wrap\" style=\"\"><span class=\"nz-restaurant \" style=\"font-size:30px;color:#999999;\"><\/span><\/span>\r\n\t\t\t\t<span class=\"divider-icon-after divider-center divider-double\" style=\"border-color:#dddddd;\"><\/span>\r\n\t\t\t<\/div>\r\n\t\t<\/div><div class=\"clearfix\"><\/div>\r\n\t<div class=\"wprt-spacer clearfix\" data-desktop=\"35\" data-mobi=\"35\" data-smobi=\"35\"><\/div>\r\n<div class=\"wprt-food-menu gap20\">\r\n\r\n\t\r\n\t\t<div class=\"foods\">\r\n\t\t    \t\t    \t<div class=\"food-inner\">\r\n\t\t\t\t<div class=\"food-box clearfix\">\r\n\t\t\t\t\t<div class=\"food-wrap clearfix\"><div class=\"food-image\"><img width=\"150\" height=\"150\" src=\"https:\/\/mfernandes.pt\/belomonte\/wp-content\/uploads\/2018\/03\/sopas.jpg\" class=\"attachment-wprt-square3 size-wprt-square3 wp-post-image\" alt=\"\" loading=\"lazy\" \/><\/div><div class=\"food-detail\"><h5><span class=\"food-title\">SOPAS<\/span><span class=\"food-dots\"><\/span><span class=\"food-price\">1.20\u20ac a 1.60\u20ac<\/span><\/h5><div class=\"food-desc\">Diversos tipos de sopas di\u00e1rias<\/div><\/div><\/div>\t\t\t\t<\/div><!-- \/.food-box -->\r\n\t\t\t\t<\/div><!-- \/.food-inner -->\r\n\t\t\t\t\t    \t<div class=\"food-inner\">\r\n\t\t\t\t<div class=\"food-box clearfix\">\r\n\t\t\t\t\t<div class=\"food-wrap clearfix\"><div class=\"food-image\"><img width=\"150\" height=\"150\" src=\"https:\/\/mfernandes.pt\/belomonte\/wp-content\/uploads\/2018\/03\/tostas.jpg\" class=\"attachment-wprt-square3 size-wprt-square3 wp-post-image\" alt=\"\" loading=\"lazy\" \/><\/div><div class=\"food-detail\"><h5><span class=\"food-title\">TOSTAS<\/span><span class=\"food-dots\"><\/span><span class=\"food-price\">2.20\u20ac a 2.80\u20ac <\/span><\/h5><div class=\"food-desc\">Tradicionais tostas em p\u00e3o saloio ou fatiado<\/div><\/div><\/div>\t\t\t\t<\/div><!-- \/.food-box -->\r\n\t\t\t\t<\/div><!-- \/.food-inner -->\r\n\t\t\t\t\t    \t<div class=\"food-inner\">\r\n\t\t\t\t<div class=\"food-box clearfix\">\r\n\t\t\t\t\t<div class=\"food-wrap clearfix\"><div class=\"food-image\"><img width=\"150\" height=\"150\" src=\"https:\/\/mfernandes.pt\/belomonte\/wp-content\/uploads\/2018\/03\/sandes.jpg\" class=\"attachment-wprt-square3 size-wprt-square3 wp-post-image\" alt=\"\" loading=\"lazy\" \/><\/div><div class=\"food-detail\"><h5><span class=\"food-title\">SANDES<\/span><span class=\"food-dots\"><\/span><span class=\"food-price\">0.90\u20ac a 2.50\u20ac<\/span><\/h5><div class=\"food-desc\">Diversos tipos de sandes | Cachorro | Hamb\u00farguer | Bifana<\/div><\/div><\/div>\t\t\t\t<\/div><!-- \/.food-box -->\r\n\t\t\t\t<\/div><!-- \/.food-inner -->\r\n\t\t\t\t\t    \t<div class=\"food-inner\">\r\n\t\t\t\t<div class=\"food-box clearfix\">\r\n\t\t\t\t\t<div class=\"food-wrap clearfix\"><div class=\"food-image\"><img width=\"150\" height=\"150\" src=\"https:\/\/mfernandes.pt\/belomonte\/wp-content\/uploads\/2018\/03\/saladas1.jpg\" class=\"attachment-wprt-square3 size-wprt-square3 wp-post-image\" alt=\"\" loading=\"lazy\" \/><\/div><div class=\"food-detail\"><h5><span class=\"food-title\">SALADAS<\/span><span class=\"food-dots\"><\/span><span class=\"food-price\">4.00\u20ac<\/span><\/h5><div class=\"food-desc\">Deliciosos tipos de saladas, sempre muito frescas<\/div><\/div><\/div>\t\t\t\t<\/div><!-- \/.food-box -->\r\n\t\t\t\t<\/div><!-- \/.food-inner -->\r\n\t\t\t\t\t    \t<div class=\"food-inner\">\r\n\t\t\t\t<div class=\"food-box clearfix\">\r\n\t\t\t\t\t<div class=\"food-wrap clearfix\"><div class=\"food-image\"><img width=\"150\" height=\"150\" src=\"https:\/\/mfernandes.pt\/belomonte\/wp-content\/uploads\/2018\/03\/pastelaria.jpg\" class=\"attachment-wprt-square3 size-wprt-square3 wp-post-image\" alt=\"\" loading=\"lazy\" \/><\/div><div class=\"food-detail\"><h5><span class=\"food-title\">PASTELARIA VARIADA<\/span><span class=\"food-dots\"><\/span><span class=\"food-price\">0.60\u20ac a 1.50\u20ac<\/span><\/h5><div class=\"food-desc\">Grande variedade de bolos<\/div><\/div><\/div>\t\t\t\t<\/div><!-- \/.food-box -->\r\n\t\t\t\t<\/div><!-- \/.food-inner -->\r\n\t\t\t\t\t    \t<div class=\"food-inner\">\r\n\t\t\t\t<div class=\"food-box clearfix\">\r\n\t\t\t\t\t<div class=\"food-wrap clearfix\"><div class=\"food-image\"><img width=\"150\" height=\"150\" src=\"https:\/\/mfernandes.pt\/belomonte\/wp-content\/uploads\/2018\/03\/regional.jpg\" class=\"attachment-wprt-square3 size-wprt-square3 wp-post-image\" alt=\"\" loading=\"lazy\" \/><\/div><div class=\"food-detail\"><h5><span class=\"food-title\">PRODUTOS REGIONAIS<\/span><span class=\"food-dots\"><\/span><span class=\"food-price\">1.0\u20ac  a 6.0\u20ac<\/span><\/h5><div class=\"food-desc\">Cavacas | Beijinhos | Suspiros | Past\u00e9is Bordalo<\/div><\/div><\/div>\t\t\t\t<\/div><!-- \/.food-box -->\r\n\t\t\t\t<\/div><!-- \/.food-inner -->\r\n\t\t\t\t\t    \t<div class=\"food-inner\">\r\n\t\t\t\t<div class=\"food-box clearfix\">\r\n\t\t\t\t\t<div class=\"food-wrap clearfix\"><div class=\"food-image\"><img width=\"150\" height=\"150\" src=\"https:\/\/mfernandes.pt\/belomonte\/wp-content\/uploads\/2018\/03\/padaria.jpg\" class=\"attachment-wprt-square3 size-wprt-square3 wp-post-image\" alt=\"\" loading=\"lazy\" \/><\/div><div class=\"food-detail\"><h5><span class=\"food-title\">PADARIA<\/span><span class=\"food-dots\"><\/span><span class=\"food-price\">0.30\u20ac a 0.55\u20ac<\/span><\/h5><div class=\"food-desc\">Vianinhas | Bolinhas<\/div><\/div><\/div>\t\t\t\t<\/div><!-- \/.food-box -->\r\n\t\t\t\t<\/div><!-- \/.food-inner -->\r\n\t\t\t\t\t    \t<div class=\"food-inner\">\r\n\t\t\t\t<div class=\"food-box clearfix\">\r\n\t\t\t\t\t<div class=\"food-wrap clearfix\"><div class=\"food-image\"><img width=\"150\" height=\"150\" src=\"https:\/\/mfernandes.pt\/belomonte\/wp-content\/uploads\/2018\/03\/bebidas.jpg\" class=\"attachment-wprt-square3 size-wprt-square3 wp-post-image\" alt=\"\" loading=\"lazy\" \/><\/div><div class=\"food-detail\"><h5><span class=\"food-title\">BEBIDAS<\/span><span class=\"food-dots\"><\/span><span class=\"food-price\">0.65\u20ac a 2.5\u20ac<\/span><\/h5><div class=\"food-desc\">Caf\u00e9s | Sumos | Sumos Naturais | Ch\u00e1s<\/div><\/div><\/div>\t\t\t\t<\/div><!-- \/.food-box -->\r\n\t\t\t\t<\/div><!-- \/.food-inner -->\r\n\t\t\t\t\t<\/div><!-- \/#foods -->\r\n\t\r\n\t\r\n<\/div><!-- \/.wprt-food-menu -->\r\n<div class=\"clearfix\"><\/div>\r\n\r\n\t<div class=\"wprt-spacer clearfix\" data-desktop=\"50\" data-mobi=\"35\" data-smobi=\"35\"><\/div>\n\r\n\t\t<\/div>\r\n\t<\/div>\r\n\t<div class=\"wprt-spacer clearfix\" data-desktop=\"140\" data-mobi=\"70\" data-smobi=\"70\"><\/div>[\/vc_column][\/vc_row][vc_row full_width=&#8221;stretch_row&#8221; css=&#8221;.vc_custom_1547740335249{background-image: url(https:\/\/mfernandes.pt\/belomonte\/wp-content\/uploads\/2019\/01\/wood_background_1.jpg?id=1090) !important;}&#8221; el_id=&#8221;equipa&#8221;][vc_column]\r\n\t<div class=\"wprt-spacer clearfix\" data-desktop=\"80\" data-mobi=\"60\" data-smobi=\"60\"><\/div><div class=\"wprt-headings clearfix text-center\"  style=\"\"><h2 class=\"heading clearfix\" style=\"\">\r\n\t\tA NOSSA EQUIPA\r\n\t<\/h2><\/div><div class=\"wprt-divider has-icon\" style=\"width:288px;margin-top:16px;margin-bottom:22px;\">\r\n\t\t\t<div class=\"divider-icon\">\r\n\t\t\t\t<span class=\"divider-icon-before divider-center divider-double\" style=\"\"><\/span>\r\n\t\t\t\t<span class=\"icon-wrap\" style=\"\"><span class=\"nz-chef \" style=\"font-size:30px;color:#999999;\"><\/span><\/span>\r\n\t\t\t\t<span class=\"divider-icon-after divider-center divider-double\" style=\"\"><\/span>\r\n\t\t\t<\/div>\r\n\t\t<\/div><div class=\"clearfix\"><\/div>\r\n\t<div class=\"wprt-spacer clearfix\" data-desktop=\"30\" data-mobi=\"20\" data-smobi=\"20\"><\/div>\r\n<div class=\"wprt-team arrow-center text-center bullet-circle offset15 offset-v-50 has-bullets has-arrows bullet30\" data-auto=\"true\" data-column=\"3\" data-column2=\"2\" data-column3=\"1\" data-gap=\"33\">\r\n\t\r\n\t<div class=\"owl-carousel owl-theme\">\r\n\t            \t<div class=\"team-item clearfix\">\r\n        \t\t<div class=\"inner\">\r\n\t\t            \t    \t\t\t\t<div class=\"thumb\">\r\n\t\t    \t\t\t\t<img width=\"800\" height=\"908\" src=\"https:\/\/mfernandes.pt\/belomonte\/wp-content\/uploads\/2018\/03\/team_1.jpg\" class=\"attachment-full size-full wp-post-image\" alt=\"\" loading=\"lazy\" srcset=\"https:\/\/mfernandes.pt\/belomonte\/wp-content\/uploads\/2018\/03\/team_1.jpg 800w, https:\/\/mfernandes.pt\/belomonte\/wp-content\/uploads\/2018\/03\/team_1-264x300.jpg 264w, https:\/\/mfernandes.pt\/belomonte\/wp-content\/uploads\/2018\/03\/team_1-768x872.jpg 768w, https:\/\/mfernandes.pt\/belomonte\/wp-content\/uploads\/2018\/03\/team_1-600x681.jpg 600w, https:\/\/mfernandes.pt\/belomonte\/wp-content\/uploads\/2018\/03\/team_1-480x545.jpg 480w\" sizes=\"(max-width: 800px) 100vw, 800px\" \/>\t    \t\t\t\t<\/div><!-- \/.thumb -->\r\n\t         \t\t\r\n                 \t        \t\t<\/div><!-- \/.inner -->\r\n            <\/div><!-- \/.team-item -->\r\n\t\t        \t<div class=\"team-item clearfix\">\r\n        \t\t<div class=\"inner\">\r\n\t\t            \t    \t\t\t\t<div class=\"thumb\">\r\n\t\t    \t\t\t\t<img width=\"800\" height=\"908\" src=\"https:\/\/mfernandes.pt\/belomonte\/wp-content\/uploads\/2019\/02\/team_5.jpg\" class=\"attachment-full size-full wp-post-image\" alt=\"\" loading=\"lazy\" srcset=\"https:\/\/mfernandes.pt\/belomonte\/wp-content\/uploads\/2019\/02\/team_5.jpg 800w, https:\/\/mfernandes.pt\/belomonte\/wp-content\/uploads\/2019\/02\/team_5-264x300.jpg 264w, https:\/\/mfernandes.pt\/belomonte\/wp-content\/uploads\/2019\/02\/team_5-768x872.jpg 768w, https:\/\/mfernandes.pt\/belomonte\/wp-content\/uploads\/2019\/02\/team_5-600x681.jpg 600w, https:\/\/mfernandes.pt\/belomonte\/wp-content\/uploads\/2019\/02\/team_5-480x545.jpg 480w\" sizes=\"(max-width: 800px) 100vw, 800px\" \/>\t    \t\t\t\t<\/div><!-- \/.thumb -->\r\n\t         \t\t\r\n                 \t        \t\t<\/div><!-- \/.inner -->\r\n            <\/div><!-- \/.team-item -->\r\n\t\t        \t<div class=\"team-item clearfix\">\r\n        \t\t<div class=\"inner\">\r\n\t\t            \t    \t\t\t\t<div class=\"thumb\">\r\n\t\t    \t\t\t\t<img width=\"800\" height=\"908\" src=\"https:\/\/mfernandes.pt\/belomonte\/wp-content\/uploads\/2018\/03\/team_3.jpg\" class=\"attachment-full size-full wp-post-image\" alt=\"\" loading=\"lazy\" srcset=\"https:\/\/mfernandes.pt\/belomonte\/wp-content\/uploads\/2018\/03\/team_3.jpg 800w, https:\/\/mfernandes.pt\/belomonte\/wp-content\/uploads\/2018\/03\/team_3-264x300.jpg 264w, https:\/\/mfernandes.pt\/belomonte\/wp-content\/uploads\/2018\/03\/team_3-768x872.jpg 768w, https:\/\/mfernandes.pt\/belomonte\/wp-content\/uploads\/2018\/03\/team_3-600x681.jpg 600w, https:\/\/mfernandes.pt\/belomonte\/wp-content\/uploads\/2018\/03\/team_3-480x545.jpg 480w\" sizes=\"(max-width: 800px) 100vw, 800px\" \/>\t    \t\t\t\t<\/div><!-- \/.thumb -->\r\n\t         \t\t\r\n                 \t        \t\t<\/div><!-- \/.inner -->\r\n            <\/div><!-- \/.team-item -->\r\n\t\t        \t<div class=\"team-item clearfix\">\r\n        \t\t<div class=\"inner\">\r\n\t\t            \t    \t\t\t\t<div class=\"thumb\">\r\n\t\t    \t\t\t\t<img width=\"800\" height=\"908\" src=\"https:\/\/mfernandes.pt\/belomonte\/wp-content\/uploads\/2018\/03\/team_2.jpg\" class=\"attachment-full size-full wp-post-image\" alt=\"\" loading=\"lazy\" srcset=\"https:\/\/mfernandes.pt\/belomonte\/wp-content\/uploads\/2018\/03\/team_2.jpg 800w, https:\/\/mfernandes.pt\/belomonte\/wp-content\/uploads\/2018\/03\/team_2-264x300.jpg 264w, https:\/\/mfernandes.pt\/belomonte\/wp-content\/uploads\/2018\/03\/team_2-768x872.jpg 768w, https:\/\/mfernandes.pt\/belomonte\/wp-content\/uploads\/2018\/03\/team_2-600x681.jpg 600w, https:\/\/mfernandes.pt\/belomonte\/wp-content\/uploads\/2018\/03\/team_2-480x545.jpg 480w\" sizes=\"(max-width: 800px) 100vw, 800px\" \/>\t    \t\t\t\t<\/div><!-- \/.thumb -->\r\n\t         \t\t\r\n                 \t        \t\t<\/div><!-- \/.inner -->\r\n            <\/div><!-- \/.team-item -->\r\n\t\t\t<\/div><!-- \/.owl-carousel -->\r\n\r\n<\/div><!-- \/.wprt-team -->\r\n\r\n\r\n\t<div class=\"wprt-spacer clearfix\" data-desktop=\"60\" data-mobi=\"50\" data-smobi=\"50\"><\/div>[\/vc_column][\/vc_row][vc_row full_width=&#8221;stretch_row_content_no_spaces&#8221; el_id=&#8221;localizacao&#8221;][vc_column]\r\n\t<div class=\"wprt-spacer clearfix\" data-desktop=\"35\" data-mobi=\"25\" data-smobi=\"25\"><\/div><div class=\"wprt-headings clearfix text-center\"  style=\"\"><h2 class=\"heading clearfix\" style=\"\">\r\n\t\tLOCALIZA\u00c7\u00c3O\r\n\t<\/h2><\/div><div class=\"wprt-divider has-icon\" style=\"width:288px;margin-top:16px;margin-bottom:22px;\">\r\n\t\t\t<div class=\"divider-icon\">\r\n\t\t\t\t<span class=\"divider-icon-before divider-center divider-double\" style=\"\"><\/span>\r\n\t\t\t\t<span class=\"icon-wrap\" style=\"\"><span class=\"fa fa-map-marker \" style=\"font-size:30px;color:#999999;\"><\/span><\/span>\r\n\t\t\t\t<span class=\"divider-icon-after divider-center divider-double\" style=\"\"><\/span>\r\n\t\t\t<\/div>\r\n\t\t<\/div><div class=\"clearfix\"><\/div>\r\n\t<div class=\"wprt-spacer clearfix\" data-desktop=\"30\" data-mobi=\"20\" data-smobi=\"20\"><\/div>[vc_column_text]\r\n                \r\n            <div id=\"wpgmza_map\" data-settings='{&quot;id&quot;:&quot;1&quot;,&quot;map_title&quot;:&quot;My first map&quot;,&quot;map_width&quot;:&quot;100&quot;,&quot;map_height&quot;:&quot;500&quot;,&quot;map_start_lat&quot;:&quot;39.404044&quot;,&quot;map_start_lng&quot;:&quot;-9.133484&quot;,&quot;map_start_location&quot;:&quot;39.4040437116866,-9.1334835146058&quot;,&quot;map_start_zoom&quot;:&quot;13&quot;,&quot;default_marker&quot;:&quot;0&quot;,&quot;type&quot;:&quot;1&quot;,&quot;alignment&quot;:&quot;1&quot;,&quot;directions_enabled&quot;:&quot;1&quot;,&quot;styling_enabled&quot;:&quot;0&quot;,&quot;styling_json&quot;:&quot;&quot;,&quot;active&quot;:&quot;0&quot;,&quot;kml&quot;:&quot;&quot;,&quot;bicycle&quot;:&quot;2&quot;,&quot;traffic&quot;:&quot;2&quot;,&quot;dbox&quot;:&quot;1&quot;,&quot;dbox_width&quot;:&quot;100&quot;,&quot;listmarkers&quot;:&quot;0&quot;,&quot;listmarkers_advanced&quot;:&quot;0&quot;,&quot;filterbycat&quot;:&quot;0&quot;,&quot;ugm_enabled&quot;:&quot;0&quot;,&quot;ugm_category_enabled&quot;:&quot;0&quot;,&quot;fusion&quot;:&quot;&quot;,&quot;map_width_type&quot;:&quot;%&quot;,&quot;map_height_type&quot;:&quot;px&quot;,&quot;mass_marker_support&quot;:&quot;1&quot;,&quot;ugm_access&quot;:&quot;0&quot;,&quot;order_markers_by&quot;:&quot;1&quot;,&quot;order_markers_choice&quot;:&quot;2&quot;,&quot;show_user_location&quot;:&quot;0&quot;,&quot;default_to&quot;:&quot;&quot;,&quot;other_settings&quot;:{&quot;store_locator_enabled&quot;:2,&quot;store_locator_distance&quot;:2,&quot;store_locator_default_radius&quot;:&quot;10&quot;,&quot;store_locator_not_found_message&quot;:&quot;No results found in this location. Please try again.&quot;,&quot;store_locator_bounce&quot;:1,&quot;store_locator_query_string&quot;:&quot;CEP \\\/ Endere\\u00e7o:&quot;,&quot;store_locator_default_address&quot;:&quot;&quot;,&quot;wpgmza_store_locator_restrict&quot;:&quot;&quot;,&quot;store_locator_style&quot;:&quot;modern&quot;,&quot;wpgmza_store_locator_radius_style&quot;:&quot;modern&quot;,&quot;map_max_zoom&quot;:&quot;1&quot;,&quot;transport_layer&quot;:2,&quot;wpgmza_show_points_of_interest&quot;:0}}' style=\"display:block; overflow:auto; width:100%; height:500px; float:left;\">\r\n            \r\n            <\/div>\r\n        [\/vc_column_text][\/vc_column][\/vc_row]<\/p>\n","protected":false},"excerpt":{"rendered":"<p>[vc_row][vc_column][rev_slider_vc alias=&#8221;belomonte&#8221;][\/vc_column][\/vc_row][vc_row el_class=&#8221;top-contact-form&#8221;][vc_column][\/vc_column][\/vc_row][vc_row][vc_column][\/vc_column][\/vc_row][vc_row full_width=&#8221;stretch_row&#8221; css=&#8221;.vc_custom_1547740306121{background: #f5f5f5 url(https:\/\/mfernandes.pt\/belomonte\/wp-content\/uploads\/2019\/01\/wood_background_1.jpg?id=1090) !important;}&#8221; el_id=&#8221;historia&#8221;][vc_column][vc_row_inner][vc_column_inner width=&#8221;1\/2&#8243;][vc_single_image image=&#8221;1070&#8243; alignment=&#8221;right&#8221;][\/vc_column_inner][vc_column_inner width=&#8221;1\/2&#8243;][\/vc_column_inner][\/vc_row_inner][\/vc_column][\/vc_row][vc_row full_width=&#8221;stretch_row_content_no_spaces&#8221; parallax=&#8221;content-moving&#8221; parallax_image=&#8221;1096&#8243; el_id=&#8221;especialidades&#8221;][vc_column][\/vc_column][\/vc_row][vc_row full_width=&#8221;stretch_row&#8221; css=&#8221;.vc_custom_1547740335249{background-image: url(https:\/\/mfernandes.pt\/belomonte\/wp-content\/uploads\/2019\/01\/wood_background_1.jpg?id=1090) !important;}&#8221; el_id=&#8221;equipa&#8221;][vc_column][\/vc_column][\/vc_row][vc_row full_width=&#8221;stretch_row_content_no_spaces&#8221; el_id=&#8221;localizacao&#8221;][vc_column][vc_column_text][\/vc_column_text][\/vc_column][\/vc_row]<\/p>\n","protected":false},"author":1,"featured_media":0,"parent":0,"menu_order":0,"comment_status":"closed","ping_status":"closed","template":"","meta":[],"_links":{"self":[{"href":"https:\/\/mfernandes.pt\/belomonte\/wp-json\/wp\/v2\/pages\/312"}],"collection":[{"href":"https:\/\/mfernandes.pt\/belomonte\/wp-json\/wp\/v2\/pages"}],"about":[{"href":"https:\/\/mfernandes.pt\/belomonte\/wp-json\/wp\/v2\/types\/page"}],"author":[{"embeddable":true,"href":"https:\/\/mfernandes.pt\/belomonte\/wp-json\/wp\/v2\/users\/1"}],"replies":[{"embeddable":true,"href":"https:\/\/mfernandes.pt\/belomonte\/wp-json\/wp\/v2\/comments?post=312"}],"version-history":[{"count":50,"href":"https:\/\/mfernandes.pt\/belomonte\/wp-json\/wp\/v2\/pages\/312\/revisions"}],"predecessor-version":[{"id":1151,"href":"https:\/\/mfernandes.pt\/belomonte\/wp-json\/wp\/v2\/pages\/312\/revisions\/1151"}],"wp:attachment":[{"href":"https:\/\/mfernandes.pt\/belomonte\/wp-json\/wp\/v2\/media?parent=312"}],"curies":[{"name":"wp","href":"https:\/\/api.w.org\/{rel}","templated":true}]}}